{"id":930,"date":"2022-06-02T13:32:54","date_gmt":"2022-06-02T13:32:54","guid":{"rendered":"https:\/\/juttarode.de\/?page_id=930"},"modified":"2022-09-11T10:36:11","modified_gmt":"2022-09-11T10:36:11","slug":"kontakt","status":"publish","type":"page","link":"https:\/\/juttarode.de\/index.php\/kontakt\/","title":{"rendered":"Kontakt"},"content":{"rendered":"<p>[et_pb_section fb_built=&#8220;1&#8243; _builder_version=&#8220;4.17.4&#8243; _module_preset=&#8220;default&#8220; global_colors_info=&#8220;{}&#8220;][et_pb_row _builder_version=&#8220;4.17.4&#8243; _module_preset=&#8220;default&#8220; global_colors_info=&#8220;{}&#8220;][et_pb_column type=&#8220;4_4&#8243; _builder_version=&#8220;4.17.4&#8243; _module_preset=&#8220;default&#8220; global_colors_info=&#8220;{}&#8220;][et_pb_contact_form email=&#8220;hello@juttarode.de&#8220; custom_message=&#8220;Vorname: %%Vorname%%||et_pb_line_break_holder||Name: %%Name%%||et_pb_line_break_holder||||et_pb_line_break_holder||Firma: %%Firma%%||et_pb_line_break_holder||||et_pb_line_break_holder||Adresse: ||et_pb_line_break_holder||Stra\u00dfe: %%Strasse%%||et_pb_line_break_holder||Hausnummer: %%Hausnummer%%||et_pb_line_break_holder||PLZ: %%PLZ%%||et_pb_line_break_holder||Ort: %%Ort%%||et_pb_line_break_holder||||et_pb_line_break_holder||E-Mail Adresse: %%Email%%||et_pb_line_break_holder||||et_pb_line_break_holder||Telefon \/ Mobil: %%Telefon_\/_Mobil%%||et_pb_line_break_holder||||et_pb_line_break_holder||Consent: %%consent%%||et_pb_line_break_holder||||et_pb_line_break_holder||||et_pb_line_break_holder||Nachricht:||et_pb_line_break_holder||||et_pb_line_break_holder||%%Deine_Nachricht%%&#8220; success_message=&#8220;Ihre Nachricht wurde abgesendet&#8220; submit_button_text=&#8220;Senden&#8220; title_last_edited=&#8220;off|desktop&#8220; disabled_on=&#8220;on|on|off&#8220; _builder_version=&#8220;4.18.0&#8243; _module_preset=&#8220;default&#8220; _unique_id=&#8220;538faf57-4d3b-4e91-84e7-0c049e478f07&#8243; custom_button=&#8220;on&#8220; button_text_color=&#8220;gcid-a574198d-ee6e-4fb5-941e-5946fbaa3d44&#8243; button_border_color=&#8220;gcid-a574198d-ee6e-4fb5-941e-5946fbaa3d44&#8243; button_border_radius=&#8220;10px&#8220; hover_enabled=&#8220;0&#8243; global_colors_info=&#8220;{%22gcid-a574198d-ee6e-4fb5-941e-5946fbaa3d44%22:%91%22button_border_color%22,%22button_text_color%22%93}&#8220; sticky_enabled=&#8220;0&#8243;][et_pb_contact_field field_id=&#8220;Vorname&#8220; field_title=&#8220;Vorname&#8220; allowed_symbols=&#8220;letters&#8220; fullwidth_field=&#8220;on&#8220; _builder_version=&#8220;4.17.4&#8243; _module_preset=&#8220;default&#8220; width=&#8220;50%&#8220; custom_css_main_element=&#8220;display: inline-block;||&#8220; global_colors_info=&#8220;{}&#8220;][\/et_pb_contact_field][et_pb_contact_field field_id=&#8220;Name&#8220; field_title=&#8220;Name&#8220; allowed_symbols=&#8220;letters&#8220; fullwidth_field=&#8220;on&#8220; _builder_version=&#8220;4.17.4&#8243; _module_preset=&#8220;default&#8220; width=&#8220;50%&#8220; custom_css_main_element=&#8220;display: inline-block;&#8220; global_colors_info=&#8220;{}&#8220;][\/et_pb_contact_field][et_pb_contact_field field_id=&#8220;Firma&#8220; field_title=&#8220;Firma&#8220; required_mark=&#8220;off&#8220; fullwidth_field=&#8220;on&#8220; _builder_version=&#8220;4.17.4&#8243; _module_preset=&#8220;default&#8220; global_colors_info=&#8220;{}&#8220;][\/et_pb_contact_field][et_pb_contact_field field_id=&#8220;Strasse&#8220; field_title=&#8220;Stra\u00dfe&#8220; fullwidth_field=&#8220;on&#8220; _builder_version=&#8220;4.17.4&#8243; _module_preset=&#8220;default&#8220; width=&#8220;70%&#8220; custom_css_main_element=&#8220;display: inline-block;&#8220; global_colors_info=&#8220;{}&#8220;][\/et_pb_contact_field][et_pb_contact_field field_id=&#8220;Hausnummer&#8220; field_title=&#8220;Hausnummer&#8220; fullwidth_field=&#8220;on&#8220; _builder_version=&#8220;4.17.4&#8243; _module_preset=&#8220;default&#8220; width=&#8220;30%&#8220; custom_css_main_element=&#8220;display: inline-block;&#8220; global_colors_info=&#8220;{}&#8220;][\/et_pb_contact_field][et_pb_contact_field field_id=&#8220;PLZ&#8220; field_title=&#8220;PLZ&#8220; allowed_symbols=&#8220;numbers&#8220; fullwidth_field=&#8220;on&#8220; _builder_version=&#8220;4.17.4&#8243; _module_preset=&#8220;default&#8220; width=&#8220;50%&#8220; custom_css_main_element=&#8220;display: inline-block;&#8220; global_colors_info=&#8220;{}&#8220;][\/et_pb_contact_field][et_pb_contact_field field_id=&#8220;Ort&#8220; field_title=&#8220;Ort&#8220; fullwidth_field=&#8220;on&#8220; _builder_version=&#8220;4.17.4&#8243; _module_preset=&#8220;default&#8220; width=&#8220;50%&#8220; custom_css_main_element=&#8220;display: inline-block;&#8220; global_colors_info=&#8220;{}&#8220;][\/et_pb_contact_field][et_pb_contact_field field_id=&#8220;Email&#8220; field_title=&#8220;E-Mail-Adresse&#8220; field_type=&#8220;email&#8220; fullwidth_field=&#8220;on&#8220; _builder_version=&#8220;4.17.4&#8243; global_colors_info=&#8220;{}&#8220; button_text_size__hover_enabled=&#8220;off&#8220; button_one_text_size__hover_enabled=&#8220;off&#8220; button_two_text_size__hover_enabled=&#8220;off&#8220; button_text_color__hover_enabled=&#8220;off&#8220; button_one_text_color__hover_enabled=&#8220;off&#8220; button_two_text_color__hover_enabled=&#8220;off&#8220; button_border_width__hover_enabled=&#8220;off&#8220; button_one_border_width__hover_enabled=&#8220;off&#8220; button_two_border_width__hover_enabled=&#8220;off&#8220; button_border_color__hover_enabled=&#8220;off&#8220; button_one_border_color__hover_enabled=&#8220;off&#8220; button_two_border_color__hover_enabled=&#8220;off&#8220; button_border_radius__hover_enabled=&#8220;off&#8220; button_one_border_radius__hover_enabled=&#8220;off&#8220; button_two_border_radius__hover_enabled=&#8220;off&#8220; button_letter_spacing__hover_enabled=&#8220;off&#8220; button_one_letter_spacing__hover_enabled=&#8220;off&#8220; button_two_letter_spacing__hover_enabled=&#8220;off&#8220; button_bg_color__hover_enabled=&#8220;off&#8220; button_one_bg_color__hover_enabled=&#8220;off&#8220; button_two_bg_color__hover_enabled=&#8220;off&#8220;][\/et_pb_contact_field][et_pb_contact_field field_id=&#8220;Telefon_\/_Mobil&#8220; field_title=&#8220;Telefon \/ Mobil&#8220; required_mark=&#8220;off&#8220; fullwidth_field=&#8220;on&#8220; _builder_version=&#8220;4.17.4&#8243; _module_preset=&#8220;default&#8220; global_colors_info=&#8220;{}&#8220;][\/et_pb_contact_field][et_pb_contact_field field_id=&#8220;Deine_Nachricht&#8220; field_title=&#8220;Deine Nachricht&#8220; field_type=&#8220;text&#8220; fullwidth_field=&#8220;on&#8220; _builder_version=&#8220;4.17.4&#8243; global_colors_info=&#8220;{}&#8220; button_text_size__hover_enabled=&#8220;off&#8220; button_one_text_size__hover_enabled=&#8220;off&#8220; button_two_text_size__hover_enabled=&#8220;off&#8220; button_text_color__hover_enabled=&#8220;off&#8220; button_one_text_color__hover_enabled=&#8220;off&#8220; button_two_text_color__hover_enabled=&#8220;off&#8220; button_border_width__hover_enabled=&#8220;off&#8220; button_one_border_width__hover_enabled=&#8220;off&#8220; button_two_border_width__hover_enabled=&#8220;off&#8220; button_border_color__hover_enabled=&#8220;off&#8220; button_one_border_color__hover_enabled=&#8220;off&#8220; button_two_border_color__hover_enabled=&#8220;off&#8220; button_border_radius__hover_enabled=&#8220;off&#8220; button_one_border_radius__hover_enabled=&#8220;off&#8220; button_two_border_radius__hover_enabled=&#8220;off&#8220; button_letter_spacing__hover_enabled=&#8220;off&#8220; button_one_letter_spacing__hover_enabled=&#8220;off&#8220; button_two_letter_spacing__hover_enabled=&#8220;off&#8220; button_bg_color__hover_enabled=&#8220;off&#8220; button_one_bg_color__hover_enabled=&#8220;off&#8220; button_two_bg_color__hover_enabled=&#8220;off&#8220;][\/et_pb_contact_field][et_pb_contact_field field_id=&#8220;consent&#8220; field_title=&#8220;Datenschutzhinweis&#8220; field_type=&#8220;checkbox&#8220; checkbox_options=&#8220;%91{%22value%22:%22Mit Absendung Ihrer Daten willigen Sie ein, dass wir diese zum Zwecke der Bearbeitung Ihrer Anfrage verarbeiten und Sie \u00fcber denselben Kommunikationsweg kontaktieren d\u00fcrfen. Detaillierte Informationen zum Umgang mit Nutzerdaten finden Sie in unserer Datenschutzerkl\u00e4rung. %22,%22checked%22:0,%22dragID%22:-1,%22link_url%22:%22https:\/\/juttarode.de\/index.php\/de\/datenschutz\/%22,%22link_text%22:%22%22}%93&#8243; fullwidth_field=&#8220;on&#8220; _builder_version=&#8220;4.18.0&#8243; _module_preset=&#8220;default&#8220; hover_enabled=&#8220;0&#8243; global_colors_info=&#8220;{}&#8220; sticky_enabled=&#8220;0&#8243;][\/et_pb_contact_field][\/et_pb_contact_form][\/et_pb_column][\/et_pb_row][et_pb_row _builder_version=&#8220;4.17.4&#8243; _module_preset=&#8220;default&#8220; global_colors_info=&#8220;{}&#8220;][et_pb_column type=&#8220;4_4&#8243; _builder_version=&#8220;4.17.4&#8243; _module_preset=&#8220;default&#8220; global_colors_info=&#8220;{}&#8220;][et_pb_contact_form email=&#8220;hello@juttarode.de&#8220; custom_message=&#8220;Vorname: %%Vorname%%||et_pb_line_break_holder||Name: %%Name%%||et_pb_line_break_holder||||et_pb_line_break_holder||Firma: %%Firma%%||et_pb_line_break_holder||||et_pb_line_break_holder||Adresse: ||et_pb_line_break_holder||Stra\u00dfe: %%Strasse%%||et_pb_line_break_holder||Hausnummer: %%Hausnummer%%||et_pb_line_break_holder||PLZ: %%PLZ%%||et_pb_line_break_holder||Ort: %%Ort%%||et_pb_line_break_holder||||et_pb_line_break_holder||E-Mail Adresse: %%Email%%||et_pb_line_break_holder||||et_pb_line_break_holder||Telefon \/ Mobil: %%Telefon_\/_Mobil%%||et_pb_line_break_holder||||et_pb_line_break_holder||Consent: %%consent%%||et_pb_line_break_holder||||et_pb_line_break_holder||||et_pb_line_break_holder||Nachricht:||et_pb_line_break_holder||||et_pb_line_break_holder||%%Deine_Nachricht%%&#8220; success_message=&#8220;Ihre Nachricht wurde abgesendet&#8220; submit_button_text=&#8220;Senden&#8220; title_last_edited=&#8220;off|desktop&#8220; disabled_on=&#8220;off|off|on&#8220; _builder_version=&#8220;4.18.0&#8243; _module_preset=&#8220;default&#8220; _unique_id=&#8220;538faf57-4d3b-4e91-84e7-0c049e478f07&#8243; custom_button=&#8220;on&#8220; button_text_color=&#8220;gcid-a574198d-ee6e-4fb5-941e-5946fbaa3d44&#8243; button_border_color=&#8220;gcid-a574198d-ee6e-4fb5-941e-5946fbaa3d44&#8243; button_border_radius=&#8220;10px&#8220; hover_enabled=&#8220;0&#8243; global_colors_info=&#8220;{%22gcid-a574198d-ee6e-4fb5-941e-5946fbaa3d44%22:%91%22button_border_color%22,%22button_text_color%22%93}&#8220; sticky_enabled=&#8220;0&#8243;][et_pb_contact_field field_id=&#8220;Vorname&#8220; field_title=&#8220;Vorname&#8220; allowed_symbols=&#8220;letters&#8220; fullwidth_field=&#8220;on&#8220; _builder_version=&#8220;4.17.4&#8243; _module_preset=&#8220;default&#8220; custom_css_main_element=&#8220;||&#8220; global_colors_info=&#8220;{}&#8220;][\/et_pb_contact_field][et_pb_contact_field field_id=&#8220;Name&#8220; field_title=&#8220;Name&#8220; allowed_symbols=&#8220;letters&#8220; fullwidth_field=&#8220;on&#8220; _builder_version=&#8220;4.17.4&#8243; _module_preset=&#8220;default&#8220; global_colors_info=&#8220;{}&#8220;][\/et_pb_contact_field][et_pb_contact_field field_id=&#8220;Firma&#8220; field_title=&#8220;Firma&#8220; required_mark=&#8220;off&#8220; fullwidth_field=&#8220;on&#8220; _builder_version=&#8220;4.17.4&#8243; _module_preset=&#8220;default&#8220; global_colors_info=&#8220;{}&#8220;][\/et_pb_contact_field][et_pb_contact_field field_id=&#8220;Stra\u00dfe&#8220; field_title=&#8220;Stra\u00dfe&#8220; fullwidth_field=&#8220;on&#8220; _builder_version=&#8220;4.17.4&#8243; _module_preset=&#8220;default&#8220; global_colors_info=&#8220;{}&#8220;][\/et_pb_contact_field][et_pb_contact_field field_id=&#8220;Hausnummer&#8220; field_title=&#8220;Hausnummer&#8220; fullwidth_field=&#8220;on&#8220; _builder_version=&#8220;4.17.4&#8243; _module_preset=&#8220;default&#8220; global_colors_info=&#8220;{}&#8220;][\/et_pb_contact_field][et_pb_contact_field field_id=&#8220;PLZ&#8220; field_title=&#8220;PLZ&#8220; allowed_symbols=&#8220;numbers&#8220; fullwidth_field=&#8220;on&#8220; _builder_version=&#8220;4.17.4&#8243; _module_preset=&#8220;default&#8220; global_colors_info=&#8220;{}&#8220;][\/et_pb_contact_field][et_pb_contact_field field_id=&#8220;Ort&#8220; field_title=&#8220;Ort&#8220; fullwidth_field=&#8220;on&#8220; _builder_version=&#8220;4.17.4&#8243; _module_preset=&#8220;default&#8220; global_colors_info=&#8220;{}&#8220;][\/et_pb_contact_field][et_pb_contact_field field_id=&#8220;Email&#8220; field_title=&#8220;E-Mail-Adresse&#8220; field_type=&#8220;email&#8220; fullwidth_field=&#8220;on&#8220; _builder_version=&#8220;4.17.4&#8243; global_colors_info=&#8220;{}&#8220; button_text_size__hover_enabled=&#8220;off&#8220; button_one_text_size__hover_enabled=&#8220;off&#8220; button_two_text_size__hover_enabled=&#8220;off&#8220; button_text_color__hover_enabled=&#8220;off&#8220; button_one_text_color__hover_enabled=&#8220;off&#8220; button_two_text_color__hover_enabled=&#8220;off&#8220; button_border_width__hover_enabled=&#8220;off&#8220; button_one_border_width__hover_enabled=&#8220;off&#8220; button_two_border_width__hover_enabled=&#8220;off&#8220; button_border_color__hover_enabled=&#8220;off&#8220; button_one_border_color__hover_enabled=&#8220;off&#8220; button_two_border_color__hover_enabled=&#8220;off&#8220; button_border_radius__hover_enabled=&#8220;off&#8220; button_one_border_radius__hover_enabled=&#8220;off&#8220; button_two_border_radius__hover_enabled=&#8220;off&#8220; button_letter_spacing__hover_enabled=&#8220;off&#8220; button_one_letter_spacing__hover_enabled=&#8220;off&#8220; button_two_letter_spacing__hover_enabled=&#8220;off&#8220; button_bg_color__hover_enabled=&#8220;off&#8220; button_one_bg_color__hover_enabled=&#8220;off&#8220; button_two_bg_color__hover_enabled=&#8220;off&#8220;][\/et_pb_contact_field][et_pb_contact_field field_id=&#8220;Telefon_\/_Mobil&#8220; field_title=&#8220;Telefon \/ Mobil&#8220; required_mark=&#8220;off&#8220; fullwidth_field=&#8220;on&#8220; _builder_version=&#8220;4.17.4&#8243; _module_preset=&#8220;default&#8220; global_colors_info=&#8220;{}&#8220;][\/et_pb_contact_field][et_pb_contact_field field_id=&#8220;Deine_Nachricht&#8220; field_title=&#8220;Deine Nachricht&#8220; field_type=&#8220;text&#8220; fullwidth_field=&#8220;on&#8220; _builder_version=&#8220;4.17.4&#8243; global_colors_info=&#8220;{}&#8220; button_text_size__hover_enabled=&#8220;off&#8220; button_one_text_size__hover_enabled=&#8220;off&#8220; button_two_text_size__hover_enabled=&#8220;off&#8220; button_text_color__hover_enabled=&#8220;off&#8220; button_one_text_color__hover_enabled=&#8220;off&#8220; button_two_text_color__hover_enabled=&#8220;off&#8220; button_border_width__hover_enabled=&#8220;off&#8220; button_one_border_width__hover_enabled=&#8220;off&#8220; button_two_border_width__hover_enabled=&#8220;off&#8220; button_border_color__hover_enabled=&#8220;off&#8220; button_one_border_color__hover_enabled=&#8220;off&#8220; button_two_border_color__hover_enabled=&#8220;off&#8220; button_border_radius__hover_enabled=&#8220;off&#8220; button_one_border_radius__hover_enabled=&#8220;off&#8220; button_two_border_radius__hover_enabled=&#8220;off&#8220; button_letter_spacing__hover_enabled=&#8220;off&#8220; button_one_letter_spacing__hover_enabled=&#8220;off&#8220; button_two_letter_spacing__hover_enabled=&#8220;off&#8220; button_bg_color__hover_enabled=&#8220;off&#8220; button_one_bg_color__hover_enabled=&#8220;off&#8220; button_two_bg_color__hover_enabled=&#8220;off&#8220;][\/et_pb_contact_field][et_pb_contact_field field_id=&#8220;consent&#8220; field_title=&#8220;Datenschutzhinweis&#8220; field_type=&#8220;checkbox&#8220; checkbox_options=&#8220;%91{%22value%22:%22Mit Absendung Ihrer Daten willigen Sie ein, dass wir diese zum Zwecke der Bearbeitung Ihrer Anfrage verarbeiten und Sie \u00fcber denselben Kommunikationsweg kontaktieren d\u00fcrfen. Detaillierte Informationen zum Umgang mit Nutzerdaten finden Sie in unserer Datenschutzerkl\u00e4rung. %22,%22checked%22:0,%22dragID%22:-1,%22link_url%22:%22https:\/\/juttarode.de\/index.php\/de\/datenschutz\/%22}%93&#8243; fullwidth_field=&#8220;on&#8220; _builder_version=&#8220;4.18.0&#8243; _module_preset=&#8220;default&#8220; hover_enabled=&#8220;0&#8243; global_colors_info=&#8220;{}&#8220; sticky_enabled=&#8220;0&#8243;][\/et_pb_contact_field][\/et_pb_contact_form][\/et_pb_column][\/et_pb_row][\/et_pb_section]<\/p>\n","protected":false},"excerpt":{"rendered":"<p>Vorname Name Firma Stra\u00dfe Hausnummer PLZ Ort&#8230;<\/p>\n","protected":false},"author":1,"featured_media":0,"parent":0,"menu_order":0,"comment_status":"closed","ping_status":"closed","template":"","meta":{"_et_pb_use_builder":"on","_et_pb_old_content":"<!-- wp:pullquote -->\n<figure class=\"wp-block-pullquote\"><blockquote><p>Sch\u00f6n, dass Du einen Termin mit mir buchen m\u00f6chtest.<\/p><\/blockquote><\/figure>\n<!-- \/wp:pullquote -->\n\n<!-- wp:paragraph -->\n<p>W\u00e4hle aus dem nachfolgenden Angebot den f\u00fcr Dich <strong>passenden Termin<\/strong> aus und f\u00fcge eine <strong>kurze Information<\/strong> bei, was Deine Motivation f\u00fcr die Terminbuchung ist. <\/p>\n<!-- \/wp:paragraph -->\n\n<!-- wp:paragraph -->\n<p>Mein Angebot steht Dir in <strong>deutscher und englischer Sprache<\/strong> zur Verf\u00fcgung und findet im virtuellen <strong>Zoom-Raum<\/strong> statt.  <\/p>\n<!-- \/wp:paragraph -->\n\n<!-- wp:heading {\"textColor\":\"headings\"} -->\n<h2 class=\"has-headings-color has-text-color\">Jede Coaching-Reise startet mit einem WELCOME-Gespr\u00e4ch<\/h2>\n<!-- \/wp:heading -->\n\n<!-- wp:list -->\n<ul><li>Das WELCOME-Gespr\u00e4ch ist kostenlos und unverbindlich und dauert ca. 30-45 Minuten<\/li><li>Wir lernen uns gegenseitig kennen und finden gemeinsam heraus, ob die <strong>Basis gegeben ist f\u00fcr eine partnerschaftliche Zusammenarbeit <\/strong>im Bereich des professionellen Coaching <\/li><li>Du erl\u00e4uterst mir <strong>Deine Motivation und Zielsetzung<\/strong>, die Du mit Hilfe meiner Coaching-Begleitung erreichen m\u00f6chtest <\/li><li>Wir erarbeiten gemeinsam <strong>erste Ideen<\/strong> f\u00fcr Deine <strong>individuelle Coaching-Reise<\/strong> und besprechen m\u00f6gliche <strong>n\u00e4chste Schritte<\/strong><\/li><\/ul>\n<!-- \/wp:list -->\n\n<!-- wp:paragraph -->\n<p><\/p>\n<!-- \/wp:paragraph -->\n\n<!-- wp:paragraph -->\n<p><\/p>\n<!-- \/wp:paragraph -->\n\n<!-- wp:html -->\n<!-- Calendly Inline-Widget Beginn -->\n<div class=\"calendly-inline-widget\" data-url=\"https:\/\/calendly.com\/juttarode\/coaching\" style=\"min-width:320px;height:630px;\"><\/div>\n<script type=\"text\/javascript\" src=\"https:\/\/assets.calendly.com\/assets\/external\/widget.js\" async=\"\"><\/script>\n<!-- Calendly Inline-Widget Ende -->\n<!-- \/wp:html -->","_et_gb_content_width":"","footnotes":""},"class_list":["post-930","page","type-page","status-publish","hentry","grid-sizer"],"yoast_head":"<!-- This site is optimized with the Yoast SEO plugin v27.3 - https:\/\/yoast.com\/product\/yoast-seo-wordpress\/ -->\n<title>Kontakt | Jutta Rode<\/title>\n<meta name=\"robots\" content=\"index, follow, max-snippet:-1, max-image-preview:large, max-video-preview:-1\" \/>\n<link rel=\"canonical\" href=\"https:\/\/juttarode.de\/index.php\/kontakt\/\" \/>\n<meta property=\"og:locale\" content=\"de_DE\" \/>\n<meta property=\"og:type\" content=\"article\" \/>\n<meta property=\"og:title\" content=\"Kontakt | Jutta Rode\" \/>\n<meta property=\"og:description\" content=\"Vorname Name Firma Stra\u00dfe Hausnummer PLZ Ort...\" \/>\n<meta property=\"og:url\" content=\"https:\/\/juttarode.de\/index.php\/kontakt\/\" \/>\n<meta property=\"og:site_name\" content=\"Jutta Rode\" \/>\n<meta property=\"article:modified_time\" content=\"2022-09-11T10:36:11+00:00\" \/>\n<meta name=\"twitter:card\" content=\"summary_large_image\" \/>\n<meta name=\"twitter:label1\" content=\"Gesch\u00e4tzte Lesezeit\" \/>\n\t<meta name=\"twitter:data1\" content=\"1\u00a0Minute\" \/>\n<script type=\"application\/ld+json\" class=\"yoast-schema-graph\">{\"@context\":\"https:\\\/\\\/schema.org\",\"@graph\":[{\"@type\":\"WebPage\",\"@id\":\"https:\\\/\\\/juttarode.de\\\/index.php\\\/kontakt\\\/\",\"url\":\"https:\\\/\\\/juttarode.de\\\/index.php\\\/kontakt\\\/\",\"name\":\"Kontakt | Jutta Rode\",\"isPartOf\":{\"@id\":\"https:\\\/\\\/juttarode.de\\\/#website\"},\"datePublished\":\"2022-06-02T13:32:54+00:00\",\"dateModified\":\"2022-09-11T10:36:11+00:00\",\"breadcrumb\":{\"@id\":\"https:\\\/\\\/juttarode.de\\\/index.php\\\/kontakt\\\/#breadcrumb\"},\"inLanguage\":\"de\",\"potentialAction\":[{\"@type\":\"ReadAction\",\"target\":[\"https:\\\/\\\/juttarode.de\\\/index.php\\\/kontakt\\\/\"]}]},{\"@type\":\"BreadcrumbList\",\"@id\":\"https:\\\/\\\/juttarode.de\\\/index.php\\\/kontakt\\\/#breadcrumb\",\"itemListElement\":[{\"@type\":\"ListItem\",\"position\":1,\"name\":\"Startseite\",\"item\":\"https:\\\/\\\/juttarode.de\\\/\"},{\"@type\":\"ListItem\",\"position\":2,\"name\":\"Kontakt\"}]},{\"@type\":\"WebSite\",\"@id\":\"https:\\\/\\\/juttarode.de\\\/#website\",\"url\":\"https:\\\/\\\/juttarode.de\\\/\",\"name\":\"Jutta Rode\",\"description\":\"Helping You Transform \",\"publisher\":{\"@id\":\"https:\\\/\\\/juttarode.de\\\/#organization\"},\"potentialAction\":[{\"@type\":\"SearchAction\",\"target\":{\"@type\":\"EntryPoint\",\"urlTemplate\":\"https:\\\/\\\/juttarode.de\\\/?s={search_term_string}\"},\"query-input\":{\"@type\":\"PropertyValueSpecification\",\"valueRequired\":true,\"valueName\":\"search_term_string\"}}],\"inLanguage\":\"de\"},{\"@type\":\"Organization\",\"@id\":\"https:\\\/\\\/juttarode.de\\\/#organization\",\"name\":\"Jutta Rode\",\"url\":\"https:\\\/\\\/juttarode.de\\\/\",\"logo\":{\"@type\":\"ImageObject\",\"inLanguage\":\"de\",\"@id\":\"https:\\\/\\\/juttarode.de\\\/#\\\/schema\\\/logo\\\/image\\\/\",\"url\":\"https:\\\/\\\/juttarode.de\\\/wp-content\\\/uploads\\\/2022\\\/05\\\/IMG-3150-e1653911891555.png\",\"contentUrl\":\"https:\\\/\\\/juttarode.de\\\/wp-content\\\/uploads\\\/2022\\\/05\\\/IMG-3150-e1653911891555.png\",\"width\":301,\"height\":194,\"caption\":\"Jutta Rode\"},\"image\":{\"@id\":\"https:\\\/\\\/juttarode.de\\\/#\\\/schema\\\/logo\\\/image\\\/\"}}]}<\/script>\n<!-- \/ Yoast SEO plugin. -->","yoast_head_json":{"title":"Kontakt | Jutta Rode","robots":{"index":"index","follow":"follow","max-snippet":"max-snippet:-1","max-image-preview":"max-image-preview:large","max-video-preview":"max-video-preview:-1"},"canonical":"https:\/\/juttarode.de\/index.php\/kontakt\/","og_locale":"de_DE","og_type":"article","og_title":"Kontakt | Jutta Rode","og_description":"Vorname Name Firma Stra\u00dfe Hausnummer PLZ Ort...","og_url":"https:\/\/juttarode.de\/index.php\/kontakt\/","og_site_name":"Jutta Rode","article_modified_time":"2022-09-11T10:36:11+00:00","twitter_card":"summary_large_image","twitter_misc":{"Gesch\u00e4tzte Lesezeit":"1\u00a0Minute"},"schema":{"@context":"https:\/\/schema.org","@graph":[{"@type":"WebPage","@id":"https:\/\/juttarode.de\/index.php\/kontakt\/","url":"https:\/\/juttarode.de\/index.php\/kontakt\/","name":"Kontakt | Jutta Rode","isPartOf":{"@id":"https:\/\/juttarode.de\/#website"},"datePublished":"2022-06-02T13:32:54+00:00","dateModified":"2022-09-11T10:36:11+00:00","breadcrumb":{"@id":"https:\/\/juttarode.de\/index.php\/kontakt\/#breadcrumb"},"inLanguage":"de","potentialAction":[{"@type":"ReadAction","target":["https:\/\/juttarode.de\/index.php\/kontakt\/"]}]},{"@type":"BreadcrumbList","@id":"https:\/\/juttarode.de\/index.php\/kontakt\/#breadcrumb","itemListElement":[{"@type":"ListItem","position":1,"name":"Startseite","item":"https:\/\/juttarode.de\/"},{"@type":"ListItem","position":2,"name":"Kontakt"}]},{"@type":"WebSite","@id":"https:\/\/juttarode.de\/#website","url":"https:\/\/juttarode.de\/","name":"Jutta Rode","description":"Helping You Transform ","publisher":{"@id":"https:\/\/juttarode.de\/#organization"},"potentialAction":[{"@type":"SearchAction","target":{"@type":"EntryPoint","urlTemplate":"https:\/\/juttarode.de\/?s={search_term_string}"},"query-input":{"@type":"PropertyValueSpecification","valueRequired":true,"valueName":"search_term_string"}}],"inLanguage":"de"},{"@type":"Organization","@id":"https:\/\/juttarode.de\/#organization","name":"Jutta Rode","url":"https:\/\/juttarode.de\/","logo":{"@type":"ImageObject","inLanguage":"de","@id":"https:\/\/juttarode.de\/#\/schema\/logo\/image\/","url":"https:\/\/juttarode.de\/wp-content\/uploads\/2022\/05\/IMG-3150-e1653911891555.png","contentUrl":"https:\/\/juttarode.de\/wp-content\/uploads\/2022\/05\/IMG-3150-e1653911891555.png","width":301,"height":194,"caption":"Jutta Rode"},"image":{"@id":"https:\/\/juttarode.de\/#\/schema\/logo\/image\/"}}]}},"_links":{"self":[{"href":"https:\/\/juttarode.de\/index.php\/wp-json\/wp\/v2\/pages\/930","targetHints":{"allow":["GET"]}}],"collection":[{"href":"https:\/\/juttarode.de\/index.php\/wp-json\/wp\/v2\/pages"}],"about":[{"href":"https:\/\/juttarode.de\/index.php\/wp-json\/wp\/v2\/types\/page"}],"author":[{"embeddable":true,"href":"https:\/\/juttarode.de\/index.php\/wp-json\/wp\/v2\/users\/1"}],"replies":[{"embeddable":true,"href":"https:\/\/juttarode.de\/index.php\/wp-json\/wp\/v2\/comments?post=930"}],"version-history":[{"count":29,"href":"https:\/\/juttarode.de\/index.php\/wp-json\/wp\/v2\/pages\/930\/revisions"}],"predecessor-version":[{"id":1768,"href":"https:\/\/juttarode.de\/index.php\/wp-json\/wp\/v2\/pages\/930\/revisions\/1768"}],"wp:attachment":[{"href":"https:\/\/juttarode.de\/index.php\/wp-json\/wp\/v2\/media?parent=930"}],"curies":[{"name":"wp","href":"https:\/\/api.w.org\/{rel}","templated":true}]}}