{"id":868,"date":"2022-05-17T19:04:44","date_gmt":"2022-05-17T19:04:44","guid":{"rendered":"https:\/\/juttarode.de\/?page_id=868"},"modified":"2026-01-08T14:01:13","modified_gmt":"2026-01-08T14:01:13","slug":"mein-profil","status":"publish","type":"page","link":"https:\/\/juttarode.de\/index.php\/mein-profil\/","title":{"rendered":"Mein Profil"},"content":{"rendered":"\n<h2 class=\"wp-block-heading\"><em>Berufliche Reise<\/em><\/h2>\n\n\n\n<ul class=\"wp-block-list\">\n<li>Bankbetriebswirtin &#8211; Frankfurt School of Finance (Bankakademie)<\/li>\n\n\n\n<li>Master of Business Administration (dreifach akkreditiert) &#8211; Open University Business School UK&nbsp;<\/li>\n\n\n\n<li>Erfolgsbilanz mit \u00fcber 30 Jahren Erfahrung in verschiedenen Experten-, Projekt-, Strategie- und F\u00fchrungsrollen im klassischen Gesch\u00e4ft ebenso wie in der Innovationsentwicklung und Technologie eines global agierenden deutschen Finanzkonzerns&nbsp;<\/li>\n\n\n\n<li>Umfassende Erfahrung als F\u00fchrungskr\u00e4fte- und Transformation Coach f\u00fcr globale, interkulturelle Teams im Kontext der agilen Transformation gro\u00dfer Konzerne der Finanzindustrie mit Schwerpunkten in\n<ul class=\"wp-block-list\">\n<li>Design und Umsetzung agiler Organisationsmodelle<\/li>\n\n\n\n<li>Einf\u00fchrung agiler Arbeitsweisen entlang des Wertsch\u00f6pfungsprozesses<\/li>\n\n\n\n<li>Kundenzentrierte Entwicklung digitaler Produkte und Prozesse<\/li>\n\n\n\n<li>Coachingbegleitung von Leadership und Teams im Kontext von Agilit\u00e4t und New Work<\/li>\n<\/ul>\n<\/li>\n\n\n\n<li>Authorisierte Trainerin f\u00fcr die Agile Coaching Education ICP-ACC von ICAgile (USA)<\/li>\n\n\n\n<li>Mental Fitness \/ PQ Coach\u2122 <\/li>\n\n\n\n<li>Gr\u00fcnderin \/ Sidepreneurin: Jutta Rode &#8211; Helping you transform.<\/li>\n<\/ul>\n\n\n\n<div class=\"wp-block-columns is-layout-flex wp-container-core-columns-is-layout-9d6595d7 wp-block-columns-is-layout-flex\">\n<div class=\"wp-block-column is-layout-flow wp-block-column-is-layout-flow\" style=\"flex-basis:100%\"><\/div>\n<\/div>\n\n\n\n<div class=\"wp-block-columns is-layout-flex wp-container-core-columns-is-layout-9d6595d7 wp-block-columns-is-layout-flex\">\n<div class=\"wp-block-column is-layout-flow wp-block-column-is-layout-flow\"><\/div>\n<\/div>\n\n\n\n<h2 class=\"wp-block-heading\"><em>Helping you transform. &#8211; Expertise in vier Dimensionen <\/em><\/h2>\n\n\n\n<div class=\"wp-block-group has-background\" style=\"background-color:#edfaf800\"><div class=\"wp-block-group__inner-container is-layout-flow wp-block-group-is-layout-flow\">\n<h4 class=\"wp-block-heading\">Professionelles Coaching <\/h4>\n\n\n\n<ul class=\"wp-block-list\">\n<li>Zertifizierte Professionelle Solution Focused Coach f\u00fcr Einzelpersonen, Teams und Organisationen &#8211; SolutionsAcademy, Bad Homburg<\/li>\n\n\n\n<li>Professional Certified Coach ICF-PCC &#8211; International Coaching Federation <\/li>\n\n\n\n<li>Advanced Solution-Focused Practitioner Level 2 &#8211; International Alliance of Solution-Focused Teaching Institutes<\/li>\n<\/ul>\n\n\n\n<h4 class=\"wp-block-heading\">Design Thinking <\/h4>\n\n\n\n<ul class=\"wp-block-list\">\n<li>Design Thinking Skill Development Programm &#8211; Deutsche Bank AG<\/li>\n\n\n\n<li>Certified Google Design Sprint Facilitator &#8211; AJ&amp;Smart, Berlin<\/li>\n\n\n\n<li>Innovation Spark Canvas Facilitator &#8211; Sebastian F. M\u00fcller, Berlin<\/li>\n<\/ul>\n\n\n\n<h4 class=\"wp-block-heading\">Agile Mastery <\/h4>\n\n\n\n<ul class=\"wp-block-list\">\n<li>Professional Product Owner PSPO I &#8211; scrum.org<\/li>\n\n\n\n<li>Profession Scrum Master PSM I &#8211; scrum.org<\/li>\n\n\n\n<li>Agile Team Facilitator ICP-ATF &#8211; ICAgil<\/li>\n\n\n\n<li>Agile Coach ICP-ACC &#8211; ICAgil<\/li>\n<\/ul>\n<\/div><\/div>\n\n\n\n<h4 class=\"wp-block-heading\"><strong>Mental Fitness \/ Positive Intelligence\u00ae Mastery<\/strong><\/h4>\n\n\n\n<ul class=\"wp-block-list\">\n<li>Ausgebildete PQ Coach\u2122<\/li>\n\n\n\n<li>Unabh\u00e4ngiges Mitglied des Positive Intelligence@ Coach Programms von Shirzad Chamine, Erfinder von und Dozent f\u00fcr PQ\u00ae an der Stanford University, Stanford Business School und Yale Business School, USA <\/li>\n<\/ul>\n\n\n\n<div class=\"wp-block-columns is-layout-flex wp-container-core-columns-is-layout-9d6595d7 wp-block-columns-is-layout-flex\">\n<div class=\"wp-block-column is-layout-flow wp-block-column-is-layout-flow\"><\/div>\n<\/div>\n\n\n\n<div class=\"wp-block-columns is-layout-flex wp-container-core-columns-is-layout-9d6595d7 wp-block-columns-is-layout-flex\">\n<div class=\"wp-block-column is-layout-flow wp-block-column-is-layout-flow\"><\/div>\n<\/div>\n\n\n\n<h2 class=\"wp-block-heading\"><em>Meine Werte<\/em><\/h2>\n\n\n\n<div class=\"wp-block-group has-background\" style=\"background-color:#f5f2f400\"><div class=\"wp-block-group__inner-container is-layout-flow wp-block-group-is-layout-flow\">\n<div class=\"wp-block-group\"><div class=\"wp-block-group__inner-container is-layout-flow wp-block-group-is-layout-flow\">\n<h4 class=\"wp-block-heading\">Authentisch und glaubw\u00fcrdig &#8211; von Anfang an<\/h4>\n\n\n\n<ul class=\"wp-block-list\">\n<li>In allem, was ich tue, sind mir ein <strong>authentisches Miteinander<\/strong> und <strong>bestm\u00f6gliche Qualit\u00e4t und Nachhaltigkeit <\/strong>sehr wichtig und stets auf der H\u00f6he zu bleiben mit den aktuellen globalen Trends. Diese Leitplanken spiegeln sich sowohl beruflich und privat als auch in all meinen absolvierten <strong>Zertifizierungen <\/strong>und <strong>Qualifikationen <\/strong>wider.\u00a0\u00a0<\/li>\n\n\n\n<li>Dankbar und stolz macht mich die <strong>Zertifizierung ICF-PCC <\/strong>durch die International Coaching Federation, die als globale Authorit\u00e4t den Gold Standard im professionellen Coaching\u00a0\u00a0darstellt \u2013 sozusagen <strong>das Sahneh\u00e4ubchen <\/strong>meiner beruflichen also auch pers\u00f6nlichen Tranformation.<\/li>\n<\/ul>\n\n\n\n<br>\n<\/div><\/div>\n<\/div><\/div>\n\n\n\n<div class=\"wp-block-columns is-layout-flex wp-container-core-columns-is-layout-9d6595d7 wp-block-columns-is-layout-flex\">\n<div class=\"wp-block-column is-layout-flow wp-block-column-is-layout-flow\"><\/div>\n<\/div>\n\n\n\n<div class=\"wp-block-group\"><div class=\"wp-block-group__inner-container is-layout-flow wp-block-group-is-layout-flow\">\n<div class=\"wp-block-columns is-layout-flex wp-container-core-columns-is-layout-9d6595d7 wp-block-columns-is-layout-flex\">\n<div class=\"wp-block-column is-layout-flow wp-block-column-is-layout-flow\"><div class=\"wp-block-image\">\n<figure class=\"aligncenter size-full is-resized\"><img loading=\"lazy\" decoding=\"async\" width=\"600\" height=\"600\" src=\"https:\/\/juttarode.de\/wp-content\/uploads\/2024\/12\/professional-certified-coach-pcc.jpg\" alt=\"\" class=\"wp-image-2132\" style=\"width:197px;height:auto\" srcset=\"https:\/\/juttarode.de\/wp-content\/uploads\/2024\/12\/professional-certified-coach-pcc.jpg 600w, https:\/\/juttarode.de\/wp-content\/uploads\/2024\/12\/professional-certified-coach-pcc-300x300.jpg 300w, https:\/\/juttarode.de\/wp-content\/uploads\/2024\/12\/professional-certified-coach-pcc-150x150.jpg 150w, https:\/\/juttarode.de\/wp-content\/uploads\/2024\/12\/professional-certified-coach-pcc-60x60.jpg 60w\" sizes=\"(max-width: 600px) 100vw, 600px\" \/><\/figure>\n<\/div><\/div>\n\n\n\n<div class=\"wp-block-column is-layout-flow wp-block-column-is-layout-flow\"><div class=\"wp-block-image\">\n<figure class=\"aligncenter size-full is-resized\"><img loading=\"lazy\" decoding=\"async\" width=\"300\" height=\"300\" src=\"https:\/\/juttarode.de\/wp-content\/uploads\/2021\/12\/SolutionsAcademyCertifiedOrganizationalCoach.png\" alt=\"\" class=\"wp-image-248\" style=\"width:191px;height:auto\" srcset=\"https:\/\/juttarode.de\/wp-content\/uploads\/2021\/12\/SolutionsAcademyCertifiedOrganizationalCoach.png 300w, https:\/\/juttarode.de\/wp-content\/uploads\/2021\/12\/SolutionsAcademyCertifiedOrganizationalCoach-150x150.png 150w\" sizes=\"(max-width: 300px) 100vw, 300px\" \/><\/figure>\n<\/div><\/div>\n\n\n\n<div class=\"wp-block-column is-layout-flow wp-block-column-is-layout-flow\"><div class=\"wp-block-image\">\n<figure class=\"aligncenter size-full is-resized\"><img loading=\"lazy\" decoding=\"async\" width=\"1763\" height=\"1970\" src=\"https:\/\/juttarode.de\/wp-content\/uploads\/2024\/12\/ICP-ACC-Badge-02.23.png\" alt=\"\" class=\"wp-image-2133\" style=\"width:167px;height:auto\" srcset=\"https:\/\/juttarode.de\/wp-content\/uploads\/2024\/12\/ICP-ACC-Badge-02.23.png 1763w, https:\/\/juttarode.de\/wp-content\/uploads\/2024\/12\/ICP-ACC-Badge-02.23-268x300.png 268w, https:\/\/juttarode.de\/wp-content\/uploads\/2024\/12\/ICP-ACC-Badge-02.23-916x1024.png 916w, https:\/\/juttarode.de\/wp-content\/uploads\/2024\/12\/ICP-ACC-Badge-02.23-768x858.png 768w, https:\/\/juttarode.de\/wp-content\/uploads\/2024\/12\/ICP-ACC-Badge-02.23-1375x1536.png 1375w, https:\/\/juttarode.de\/wp-content\/uploads\/2024\/12\/ICP-ACC-Badge-02.23-1080x1207.png 1080w, https:\/\/juttarode.de\/wp-content\/uploads\/2024\/12\/ICP-ACC-Badge-02.23-54x60.png 54w\" sizes=\"(max-width: 1763px) 100vw, 1763px\" \/><\/figure>\n<\/div><\/div>\n\n\n\n<div class=\"wp-block-column is-layout-flow wp-block-column-is-layout-flow\"><div class=\"wp-block-image\">\n<figure class=\"aligncenter size-full is-resized\"><img loading=\"lazy\" decoding=\"async\" width=\"300\" height=\"300\" src=\"https:\/\/juttarode.de\/wp-content\/uploads\/2021\/12\/ICP-ATF-Badge-e1660586619638.png\" alt=\"\" class=\"wp-image-246\" style=\"width:176px;height:auto\" srcset=\"https:\/\/juttarode.de\/wp-content\/uploads\/2021\/12\/ICP-ATF-Badge-e1660586619638.png 300w, https:\/\/juttarode.de\/wp-content\/uploads\/2021\/12\/ICP-ATF-Badge-e1660586619638-150x150.png 150w, https:\/\/juttarode.de\/wp-content\/uploads\/2021\/12\/ICP-ATF-Badge-e1660586619638-60x60.png 60w\" sizes=\"(max-width: 300px) 100vw, 300px\" \/><\/figure>\n<\/div><\/div>\n<\/div>\n<\/div><\/div>\n","protected":false},"excerpt":{"rendered":"<p>Berufliche Reise Helping you transform. &#8211; Expertise in vier Dimensionen Professionelles Coaching Design Thinking Agile Mastery Mental Fitness \/ Positive Intelligence\u00ae Mastery Meine Werte Authentisch und glaubw\u00fcrdig &#8211; von Anfang an<\/p>\n","protected":false},"author":2,"featured_media":1053,"parent":0,"menu_order":0,"comment_status":"closed","ping_status":"closed","template":"","meta":{"_et_pb_use_builder":"off","_et_pb_old_content":"<!-- wp:list -->\n<ul><li>Master of Business Administration (dreifach akkreditiertes Programm) - Open University Business School UK<\/li><li>Bankbetriebswirtin - Frankfurt School of Finance (ehemals Bankakademie)<\/li><li>Beeindruckende Erfolgsbilanz mit \u00fcber 30 Jahren Erfahrung in verschiedenen Experten-, Projekt- und F\u00fchrungsrollen im klassischen Gesch\u00e4ft ebenso wie in der Innovationsentwicklung der globalen Finanzindustrie<\/li><li>Seit Jahren t\u00e4tig als Innovation und Agile Coach f\u00fcr globale, interkulturelle Teams im Kontext der digitalen und agilen Transformation eines global agierenden deutschen Finanzkonzerns mit folgenden Schwerpunkten:<ul><li>Einf\u00fchrung innovativer und agiler Arbeitsweisen entlang des gesamtem Wertsch\u00f6pfungsprozesses end-2-end vom ersten konzeptionellen Design-Gedanken bis hin zur kontinuierlichen Weiterentwicklung gelaunchter Produkte, Services und Prozesse<\/li><li>F\u00f6rderung des agile mindset und der Coaching Kultur weltweit, Aufbau von Communities, transformationsbegleitende Kommunikationsaktivit\u00e4ten <\/li><\/ul><\/li><li>Qualifikationen im Kompetenzfeld <strong>Innovation Coaching<\/strong><ul><li>Design Thinking Skill Development Programm \u2013 Deutsche Bank AG<\/li><\/ul><ul><li>Certified Google Design Sprint Coach \u2013 AJ&amp; Smart, Berlin<\/li><\/ul><ul><li>Innovation Spark Canvas Facilitator \u2013 Sebastian F. M\u00fcller, Berlin<\/li><\/ul><\/li><li>Qualifikationen im Kompetenzfeld <strong>Agile Coaching<\/strong><ul><li>Professional Product Owner \u2013 scrum.org<\/li><\/ul><ul><li>Professional Scrum Master \u2013 scrum.org<\/li><\/ul><ul><li>Agile Team Facilitator I ICP-ATF (ICagile)<\/li><\/ul><\/li><li>Qualifikationen im Kompetenzfeld <strong>Professionelles Coaching<\/strong><ul><li>Zertifizierter Professioneller Solutions Coach \u2013 SolutionsAcademy, Bad Homburg<\/li><\/ul><\/li><li>Advanced Solutions Practitioner \u2013 International Alliance of Solution Focused Practitioner,<\/li><li>ICF Accredited Coach Training Programm I ICF-ACC<\/li><\/ul>\n<!-- \/wp:list -->\n\n<!-- wp:paragraph -->\n<p><\/p>\n<!-- \/wp:paragraph -->\n\n<!-- wp:heading -->\n<h2>Kleine Auswahl meiner Badges  <\/h2>\n<!-- \/wp:heading -->\n\n<!-- wp:gallery {\"linkTo\":\"none\"} -->\n<figure class=\"wp-block-gallery has-nested-images columns-default is-cropped\"><!-- wp:image {\"id\":787,\"sizeSlug\":\"large\",\"linkDestination\":\"none\"} -->\n<figure class=\"wp-block-image size-large\"><img src=\"https:\/\/juttarode.de\/wp-content\/uploads\/2022\/05\/ACC-digital-badge.png\" alt=\"\" class=\"wp-image-787\"\/><\/figure>\n<!-- \/wp:image -->\n\n<!-- wp:image {\"id\":248,\"sizeSlug\":\"large\",\"linkDestination\":\"none\"} -->\n<figure class=\"wp-block-image size-large\"><img src=\"https:\/\/juttarode.de\/wp-content\/uploads\/2021\/12\/SolutionsAcademyCertifiedOrganizationalCoach.png\" alt=\"\" class=\"wp-image-248\"\/><\/figure>\n<!-- \/wp:image -->\n\n<!-- wp:image {\"id\":246,\"sizeSlug\":\"large\",\"linkDestination\":\"none\"} -->\n<figure class=\"wp-block-image size-large\"><img src=\"https:\/\/juttarode.de\/wp-content\/uploads\/2021\/12\/ICP-ATF-Badge.png\" alt=\"\" class=\"wp-image-246\"\/><\/figure>\n<!-- \/wp:image --><\/figure>\n<!-- \/wp:gallery -->","_et_gb_content_width":"","footnotes":""},"class_list":["post-868","page","type-page","status-publish","has-post-thumbnail","hentry","grid-sizer"],"yoast_head":"<!-- This site is optimized with the Yoast SEO plugin v25.9 - https:\/\/yoast.com\/wordpress\/plugins\/seo\/ -->\n<title>Mein Profil | Jutta Rode<\/title>\n<meta name=\"robots\" content=\"index, follow, max-snippet:-1, max-image-preview:large, max-video-preview:-1\" \/>\n<link rel=\"canonical\" href=\"https:\/\/juttarode.de\/index.php\/mein-profil\/\" \/>\n<meta property=\"og:locale\" content=\"de_DE\" \/>\n<meta property=\"og:type\" content=\"article\" \/>\n<meta property=\"og:title\" content=\"Mein Profil | Jutta Rode\" \/>\n<meta property=\"og:description\" content=\"Berufliche Reise Helping you transform. &#8211; Expertise in vier Dimensionen Professionelles Coaching Design Thinking Agile Mastery Mental Fitness \/ Positive Intelligence\u00ae Mastery Meine Werte Authentisch und glaubw\u00fcrdig &#8211; von Anfang an\" \/>\n<meta property=\"og:url\" content=\"https:\/\/juttarode.de\/index.php\/mein-profil\/\" \/>\n<meta property=\"og:site_name\" content=\"Jutta Rode\" \/>\n<meta property=\"article:modified_time\" content=\"2026-01-08T14:01:13+00:00\" \/>\n<meta property=\"og:image\" content=\"https:\/\/juttarode.de\/wp-content\/uploads\/2022\/06\/pexels-ylanite-koppens-1809340-1-scaled.jpg\" \/>\n\t<meta property=\"og:image:width\" content=\"2560\" \/>\n\t<meta property=\"og:image:height\" content=\"1668\" \/>\n\t<meta property=\"og:image:type\" content=\"image\/jpeg\" \/>\n<meta name=\"twitter:card\" content=\"summary_large_image\" \/>\n<meta name=\"twitter:label1\" content=\"Gesch\u00e4tzte Lesezeit\" \/>\n\t<meta name=\"twitter:data1\" content=\"3\u00a0Minuten\" \/>\n<script type=\"application\/ld+json\" class=\"yoast-schema-graph\">{\"@context\":\"https:\/\/schema.org\",\"@graph\":[{\"@type\":\"WebPage\",\"@id\":\"https:\/\/juttarode.de\/index.php\/mein-profil\/\",\"url\":\"https:\/\/juttarode.de\/index.php\/mein-profil\/\",\"name\":\"Mein Profil | Jutta Rode\",\"isPartOf\":{\"@id\":\"https:\/\/juttarode.de\/#website\"},\"primaryImageOfPage\":{\"@id\":\"https:\/\/juttarode.de\/index.php\/mein-profil\/#primaryimage\"},\"image\":{\"@id\":\"https:\/\/juttarode.de\/index.php\/mein-profil\/#primaryimage\"},\"thumbnailUrl\":\"https:\/\/juttarode.de\/wp-content\/uploads\/2022\/06\/pexels-ylanite-koppens-1809340-1-scaled.jpg\",\"datePublished\":\"2022-05-17T19:04:44+00:00\",\"dateModified\":\"2026-01-08T14:01:13+00:00\",\"breadcrumb\":{\"@id\":\"https:\/\/juttarode.de\/index.php\/mein-profil\/#breadcrumb\"},\"inLanguage\":\"de\",\"potentialAction\":[{\"@type\":\"ReadAction\",\"target\":[\"https:\/\/juttarode.de\/index.php\/mein-profil\/\"]}]},{\"@type\":\"ImageObject\",\"inLanguage\":\"de\",\"@id\":\"https:\/\/juttarode.de\/index.php\/mein-profil\/#primaryimage\",\"url\":\"https:\/\/juttarode.de\/wp-content\/uploads\/2022\/06\/pexels-ylanite-koppens-1809340-1-scaled.jpg\",\"contentUrl\":\"https:\/\/juttarode.de\/wp-content\/uploads\/2022\/06\/pexels-ylanite-koppens-1809340-1-scaled.jpg\",\"width\":2560,\"height\":1668},{\"@type\":\"BreadcrumbList\",\"@id\":\"https:\/\/juttarode.de\/index.php\/mein-profil\/#breadcrumb\",\"itemListElement\":[{\"@type\":\"ListItem\",\"position\":1,\"name\":\"Startseite\",\"item\":\"https:\/\/juttarode.de\/\"},{\"@type\":\"ListItem\",\"position\":2,\"name\":\"Mein Profil\"}]},{\"@type\":\"WebSite\",\"@id\":\"https:\/\/juttarode.de\/#website\",\"url\":\"https:\/\/juttarode.de\/\",\"name\":\"Jutta Rode\",\"description\":\"Helping You Transform \",\"publisher\":{\"@id\":\"https:\/\/juttarode.de\/#organization\"},\"potentialAction\":[{\"@type\":\"SearchAction\",\"target\":{\"@type\":\"EntryPoint\",\"urlTemplate\":\"https:\/\/juttarode.de\/?s={search_term_string}\"},\"query-input\":{\"@type\":\"PropertyValueSpecification\",\"valueRequired\":true,\"valueName\":\"search_term_string\"}}],\"inLanguage\":\"de\"},{\"@type\":\"Organization\",\"@id\":\"https:\/\/juttarode.de\/#organization\",\"name\":\"Jutta Rode\",\"url\":\"https:\/\/juttarode.de\/\",\"logo\":{\"@type\":\"ImageObject\",\"inLanguage\":\"de\",\"@id\":\"https:\/\/juttarode.de\/#\/schema\/logo\/image\/\",\"url\":\"https:\/\/juttarode.de\/wp-content\/uploads\/2022\/05\/IMG-3150-e1653911891555.png\",\"contentUrl\":\"https:\/\/juttarode.de\/wp-content\/uploads\/2022\/05\/IMG-3150-e1653911891555.png\",\"width\":301,\"height\":194,\"caption\":\"Jutta Rode\"},\"image\":{\"@id\":\"https:\/\/juttarode.de\/#\/schema\/logo\/image\/\"}}]}<\/script>\n<!-- \/ Yoast SEO plugin. -->","yoast_head_json":{"title":"Mein Profil | Jutta Rode","robots":{"index":"index","follow":"follow","max-snippet":"max-snippet:-1","max-image-preview":"max-image-preview:large","max-video-preview":"max-video-preview:-1"},"canonical":"https:\/\/juttarode.de\/index.php\/mein-profil\/","og_locale":"de_DE","og_type":"article","og_title":"Mein Profil | Jutta Rode","og_description":"Berufliche Reise Helping you transform. &#8211; Expertise in vier Dimensionen Professionelles Coaching Design Thinking Agile Mastery Mental Fitness \/ Positive Intelligence\u00ae Mastery Meine Werte Authentisch und glaubw\u00fcrdig &#8211; von Anfang an","og_url":"https:\/\/juttarode.de\/index.php\/mein-profil\/","og_site_name":"Jutta Rode","article_modified_time":"2026-01-08T14:01:13+00:00","og_image":[{"width":2560,"height":1668,"url":"https:\/\/juttarode.de\/wp-content\/uploads\/2022\/06\/pexels-ylanite-koppens-1809340-1-scaled.jpg","type":"image\/jpeg"}],"twitter_card":"summary_large_image","twitter_misc":{"Gesch\u00e4tzte Lesezeit":"3\u00a0Minuten"},"schema":{"@context":"https:\/\/schema.org","@graph":[{"@type":"WebPage","@id":"https:\/\/juttarode.de\/index.php\/mein-profil\/","url":"https:\/\/juttarode.de\/index.php\/mein-profil\/","name":"Mein Profil | Jutta Rode","isPartOf":{"@id":"https:\/\/juttarode.de\/#website"},"primaryImageOfPage":{"@id":"https:\/\/juttarode.de\/index.php\/mein-profil\/#primaryimage"},"image":{"@id":"https:\/\/juttarode.de\/index.php\/mein-profil\/#primaryimage"},"thumbnailUrl":"https:\/\/juttarode.de\/wp-content\/uploads\/2022\/06\/pexels-ylanite-koppens-1809340-1-scaled.jpg","datePublished":"2022-05-17T19:04:44+00:00","dateModified":"2026-01-08T14:01:13+00:00","breadcrumb":{"@id":"https:\/\/juttarode.de\/index.php\/mein-profil\/#breadcrumb"},"inLanguage":"de","potentialAction":[{"@type":"ReadAction","target":["https:\/\/juttarode.de\/index.php\/mein-profil\/"]}]},{"@type":"ImageObject","inLanguage":"de","@id":"https:\/\/juttarode.de\/index.php\/mein-profil\/#primaryimage","url":"https:\/\/juttarode.de\/wp-content\/uploads\/2022\/06\/pexels-ylanite-koppens-1809340-1-scaled.jpg","contentUrl":"https:\/\/juttarode.de\/wp-content\/uploads\/2022\/06\/pexels-ylanite-koppens-1809340-1-scaled.jpg","width":2560,"height":1668},{"@type":"BreadcrumbList","@id":"https:\/\/juttarode.de\/index.php\/mein-profil\/#breadcrumb","itemListElement":[{"@type":"ListItem","position":1,"name":"Startseite","item":"https:\/\/juttarode.de\/"},{"@type":"ListItem","position":2,"name":"Mein Profil"}]},{"@type":"WebSite","@id":"https:\/\/juttarode.de\/#website","url":"https:\/\/juttarode.de\/","name":"Jutta Rode","description":"Helping You Transform ","publisher":{"@id":"https:\/\/juttarode.de\/#organization"},"potentialAction":[{"@type":"SearchAction","target":{"@type":"EntryPoint","urlTemplate":"https:\/\/juttarode.de\/?s={search_term_string}"},"query-input":{"@type":"PropertyValueSpecification","valueRequired":true,"valueName":"search_term_string"}}],"inLanguage":"de"},{"@type":"Organization","@id":"https:\/\/juttarode.de\/#organization","name":"Jutta Rode","url":"https:\/\/juttarode.de\/","logo":{"@type":"ImageObject","inLanguage":"de","@id":"https:\/\/juttarode.de\/#\/schema\/logo\/image\/","url":"https:\/\/juttarode.de\/wp-content\/uploads\/2022\/05\/IMG-3150-e1653911891555.png","contentUrl":"https:\/\/juttarode.de\/wp-content\/uploads\/2022\/05\/IMG-3150-e1653911891555.png","width":301,"height":194,"caption":"Jutta Rode"},"image":{"@id":"https:\/\/juttarode.de\/#\/schema\/logo\/image\/"}}]}},"_links":{"self":[{"href":"https:\/\/juttarode.de\/index.php\/wp-json\/wp\/v2\/pages\/868","targetHints":{"allow":["GET"]}}],"collection":[{"href":"https:\/\/juttarode.de\/index.php\/wp-json\/wp\/v2\/pages"}],"about":[{"href":"https:\/\/juttarode.de\/index.php\/wp-json\/wp\/v2\/types\/page"}],"author":[{"embeddable":true,"href":"https:\/\/juttarode.de\/index.php\/wp-json\/wp\/v2\/users\/2"}],"replies":[{"embeddable":true,"href":"https:\/\/juttarode.de\/index.php\/wp-json\/wp\/v2\/comments?post=868"}],"version-history":[{"count":84,"href":"https:\/\/juttarode.de\/index.php\/wp-json\/wp\/v2\/pages\/868\/revisions"}],"predecessor-version":[{"id":2396,"href":"https:\/\/juttarode.de\/index.php\/wp-json\/wp\/v2\/pages\/868\/revisions\/2396"}],"wp:featuredmedia":[{"embeddable":true,"href":"https:\/\/juttarode.de\/index.php\/wp-json\/wp\/v2\/media\/1053"}],"wp:attachment":[{"href":"https:\/\/juttarode.de\/index.php\/wp-json\/wp\/v2\/media?parent=868"}],"curies":[{"name":"wp","href":"https:\/\/api.w.org\/{rel}","templated":true}]}}