{"id":690,"date":"2022-04-08T15:54:06","date_gmt":"2022-04-08T15:54:06","guid":{"rendered":"https:\/\/juttarode.de\/?page_id=690"},"modified":"2026-01-09T13:05:38","modified_gmt":"2026-01-09T13:05:38","slug":"mein-coaching-ansatz","status":"publish","type":"page","link":"https:\/\/juttarode.de\/index.php\/mein-coaching-ansatz\/","title":{"rendered":"Coaching ART"},"content":{"rendered":"\n<p><\/p>\n\n\n\n<blockquote class=\"wp-block-quote is-layout-flow wp-block-quote-is-layout-flow\">\n<p>&#8222;Die ICF definiert Coaching als partnerschaftlichen und zum Nachdenken anregenden Prozess, der Menschen und Organisationen kreativ dabei unterst\u00fctzt, ihr pers\u00f6nliches und professionelles Potenzial zu steigern. Wir sehen Kunden als Experten ihres eigenen Lebens und sind der \u00dcberzeugung, dass sie \u00fcber gen\u00fcgend Ressourcen verf\u00fcgen, ihre Ziele eigenverantwortlich zu erreichen.&#8220;<\/p>\n<\/blockquote>\n\n\n\n<h2 class=\"wp-block-heading has-text-align-center\"><em>L\u00f6sungs- und wachstumsorientiert<\/em><\/h2>\n\n\n\n<pre class=\"wp-block-verse has-text-align-center has-background\" style=\"background-color:#effbf9\"><strong>\"Der L\u00f6sung ist es egal, wie das Problem entstanden ist.\" \n\nInsoo Kim Berg - Pionierin des l\u00f6sungsfokussierten Coachings<\/strong>\n<\/pre>\n\n\n\n<div class=\"wp-block-group\"><div class=\"wp-block-group__inner-container is-layout-flow wp-block-group-is-layout-flow\">\n<ul class=\"wp-block-list has-white-background-color has-background\">\n<li>100% <strong>wissenschaftlich fundiert<\/strong> und in Meta-Studien erwiesen<\/li>\n\n\n\n<li>geht zur\u00fcck auf <strong>Steve de&nbsp;Shazer <\/strong>und Insoo&nbsp;Kim&nbsp;Berg als Begr\u00fcnder der \u201eSolution Focused&nbsp;Brief&nbsp;Therapy\u201c<\/li>\n\n\n\n<li>basiert auf dem daraus entwickelten <strong>l\u00f6sungsorientierten Kurz(zeit)coaching<\/strong> und bedient sich auch Erkenntnissen aus der <strong>Positiven Psychologie<\/strong><\/li>\n\n\n\n<li>erzielt innerhalb einer \u00fcberschaubaren Zeit <strong>langfristige<\/strong> und <strong>nachhaltige<\/strong> Ergebnisse <\/li>\n\n\n\n<li>hilft meinen Kundinnen und Kunden, ein m\u00f6glichst <strong>konkretes Bild <\/strong>der erw\u00fcnschten Zukunft zu entwickeln, sich der eigenen M\u00f6glichkeiten bewusst zu werden und <strong>Entwicklungsimpulse <\/strong>zu finden<\/li>\n\n\n\n<li>hat sich als <strong>\u00e4u\u00dferst effektiv<\/strong> erwiesen, agil arbeitende <strong>Teams <\/strong>zur <strong>Selbstorganisation<\/strong> und bestm\u00f6glichen <strong>Performance <\/strong>weiter zu entwickeln<\/li>\n<\/ul>\n<\/div><\/div>\n\n\n\n<h2 class=\"wp-block-heading has-text-align-center\"><em>Innovativ-agil<\/em><\/h2>\n\n\n\n<pre class=\"wp-block-verse has-text-align-center has-background\" style=\"background-color:#f6f4f5\"><strong>\"Der Kopf ist rund, damit das Denken die Richtung wechseln kann.\"\n\nFrancis Picabo - franz. Schriftsteller<\/strong>\n<\/pre>\n\n\n\n<ul class=\"wp-block-list has-white-background-color has-background\">\n<li>nutzt bedarfsorientiert Ans\u00e4tze und Tools aus den Bereichen <strong>Design Thinking <\/strong>und <strong>Agilit\u00e4t<\/strong><\/li>\n\n\n\n<li>erweitert die Denkmuster und \u00f6ffnet <strong>Zugang zur eigenen Kreativit\u00e4t <\/strong>und neuartigen L\u00f6sungsr\u00e4umen<\/li>\n\n\n\n<li>macht meine Kundinnen und Kunden <strong>zukunftsfit<\/strong> und <strong>wertvoller im Job,<\/strong> denn sie erwerben w\u00e4hrend des Coachings Innovations-Knowhow<\/li>\n\n\n\n<li>Design Thinking ist <strong>100% wissenschaftlich fundiert <\/strong>und<strong> validiert <\/strong>&#8211; 2 gro\u00df angelegte <strong>Studien der Stanford University<\/strong> belegen die <strong>Wirksamkeit <\/strong>der im Rahmen des der Forschung zugrunde liegenden Curriculums vermittelten und angewandten <strong>Methodik <\/strong>und<strong> Tools<\/strong><\/li>\n<\/ul>\n\n\n\n<h2 class=\"wp-block-heading has-text-align-center\">Mental st\u00e4rkend mit PQ\u00ae<\/h2>\n\n\n\n<pre class=\"wp-block-verse has-text-align-center has-background\" style=\"background-color:#effbf9\"><strong>\"Positive Intelligence hilft den Teil Deines Verstandes zu st\u00e4rken, der Dein Freund ist und Dir in den Herausforderungen des Lebens dienlich ist, und den Teil des Verstandes still werden zu lassen, dessen Gedankenmuster Dich sabotieren.\" <br><br>Shirzad Chamine - Erfinder von Positive Intelligence\u00ae<br><\/strong><\/pre>\n\n\n\n<ul id=\"block-eef024bf-750c-472a-b6ef-c123f4c08383\" class=\"wp-block-list\">\n<li>hilft Dir, zu verstehen, was <strong>mentale Fitness und St\u00e4rke <\/strong>bedeuten<\/li>\n\n\n\n<li>zeigt Dir Deine <strong>hinderlichen Gedankenmuster<\/strong> &#8211; Deine <strong>&#8218;inneren&#8216; Saboteure<\/strong> &#8211; wie z.B. Perfektionismus, Selbstzweifel und Ungeduld und wie diese Dich <strong>im Leben und im Job limitieren <\/strong><\/li>\n\n\n\n<li>hebt Deine mentale Fitness &amp; St\u00e4rke auf das n\u00e4chste Level. <strong>Schon nach 8 Wochen<\/strong> <strong>w\u00e4chst Dein mentaler Muskel <\/strong>durch das Trainieren <strong>neuer Gewohnheiten<\/strong> und <strong>neue neuronale Verbindungen <\/strong>sind im Hirn-Scan ersichtlich<\/li>\n\n\n\n<li>unterst\u00fctzt Dich mit einer <strong>exklusiven App, zeitlich flexibel und schnell sp\u00fcrbar<\/strong> und <strong>passt so ideal in das Leben von CEOs, F\u00fchrungskr\u00e4ften und allen sehr geforderten Menschen <\/strong><\/li>\n\n\n\n<li>Das Positive Intelligence\u00ae Konzept ist <strong>wissenschaftlich fundiert und in Studien umfassend erprobt <\/strong><\/li>\n<\/ul>\n\n\n\n<p><\/p>\n\n\n\n<p><\/p>\n\n\n\n<h2 class=\"wp-block-heading has-text-align-center\"><em>ICF-zertifiziert <\/em><\/h2>\n\n\n\n<pre class=\"wp-block-verse has-text-align-center has-background\" style=\"background-color:#f6f4f5\"><strong>\"Coaching ist ein integraler Bestandteil einer bl\u00fchenden Gesellschaft und <br>jedes ICF-Mitglied repr\u00e4sentiert die h\u00f6chste Qualit\u00e4t des professionellen Coaching.\" <br><br>ICF - Vision statement<br><\/strong><\/pre>\n\n\n\n<ul class=\"wp-block-list\">\n<li>Die International Coaching Federation (ICF) ist die <strong>globale Qualit\u00e4tsmarke <\/strong>und <strong>der Gold Standard <\/strong>im Coaching<\/li>\n\n\n\n<li>Dies ist speziell <strong>im deutschen Markt <\/strong>von Bedeutung, wo es eine nicht \u00fcberschaubare Anzahl an Coachs, Ausbildungen und Zertifizierungen gibt.<\/li>\n\n\n\n<li>Die ICF steht f\u00fcr Professionalit\u00e4t, eine <strong>hohe Glaubw\u00fcrdigkeit,<\/strong> klare Qualit\u00e4tsstandards und hat einen verbindlichen Ethikkodex<\/li>\n\n\n\n<li>Die ICF <strong>f\u00f6rdert Coaching-Exzellenz<\/strong> und <strong>verbindet Menschen<\/strong> weltweit, um die <strong>Welt durch Coaching <\/strong>zu<strong> st\u00e4rken <\/strong><\/li>\n<\/ul>\n\n\n\n<figure class=\"wp-block-pullquote\"><blockquote><p>Coaching isn&#8217;t a luxury &#8211; <br>Coaching is a necessity.<\/p><\/blockquote><\/figure>\n\n\n\n<p><\/p>\n\n\n\n<div class=\"wp-block-group\"><div class=\"wp-block-group__inner-container is-layout-flow wp-block-group-is-layout-flow\">\n<div class=\"wp-block-group\"><div class=\"wp-block-group__inner-container is-layout-flow wp-block-group-is-layout-flow\">\n<div class=\"wp-block-group\"><div class=\"wp-block-group__inner-container is-layout-flow wp-block-group-is-layout-flow\">\n<div class=\"wp-block-group has-background\" style=\"background-color:#ffffff00\"><div class=\"wp-block-group__inner-container is-layout-flow wp-block-group-is-layout-flow\">\n<div class=\"wp-block-buttons is-horizontal is-content-justification-center is-layout-flex wp-container-core-buttons-is-layout-937ffba9 wp-block-buttons-is-layout-flex\">\n<div class=\"wp-block-button is-style-fill\"><a class=\"wp-block-button__link has-white-color has-text-color has-background wp-element-button\" href=\"https:\/\/juttarode.de\/index.php\/de\/termine\/\" style=\"background-color:#db4774\" target=\"_blank\" rel=\"noreferrer noopener\">Jetzt Kontakt aufbauen<\/a><\/div>\n<\/div>\n<\/div><\/div>\n<\/div><\/div>\n<\/div><\/div>\n<\/div><\/div>\n","protected":false},"excerpt":{"rendered":"<p>&#8222;Die ICF definiert Coaching als partnerschaftlichen und zum Nachdenken anregenden Prozess, der Menschen und Organisationen kreativ dabei unterst\u00fctzt, ihr pers\u00f6nliches und professionelles Potenzial zu steigern. Wir sehen Kunden als Experten ihres eigenen Lebens und sind der \u00dcberzeugung, dass sie \u00fcber gen\u00fcgend Ressourcen verf\u00fcgen, ihre Ziele eigenverantwortlich zu erreichen.&#8220; L\u00f6sungs- und wachstumsorientiert &#8222;Der L\u00f6sung ist es &hellip; <\/p>\n","protected":false},"author":1,"featured_media":719,"parent":0,"menu_order":0,"comment_status":"closed","ping_status":"closed","template":"","meta":{"_et_pb_use_builder":"","_et_pb_old_content":"","_et_gb_content_width":"","footnotes":""},"class_list":["post-690","page","type-page","status-publish","has-post-thumbnail","hentry","grid-sizer"],"yoast_head":"<!-- This site is optimized with the Yoast SEO plugin v25.9 - https:\/\/yoast.com\/wordpress\/plugins\/seo\/ -->\n<title>Coaching ART | Jutta Rode<\/title>\n<meta name=\"description\" content=\"Du sucht eine Business-, Team- und Leadership Coach? Auf jeden Fall mit ICF-Zertifizierung? Eine Expertin f\u00fcr Design Thinking, Google Design Sprints, Agilem Arbeiten? Eine Workshop-Moderatorin f\u00fcr Deine Teams auf ihrem Weg zu besserer Zusammenarbeit? Eine vertrauensvolle Entwicklungs-Begleiterin auf Deinem Karriereweg?\" \/>\n<meta name=\"robots\" content=\"index, follow, max-snippet:-1, max-image-preview:large, max-video-preview:-1\" \/>\n<link rel=\"canonical\" href=\"https:\/\/juttarode.de\/index.php\/mein-coaching-ansatz\/\" \/>\n<meta property=\"og:locale\" content=\"de_DE\" \/>\n<meta property=\"og:type\" content=\"article\" \/>\n<meta property=\"og:title\" content=\"Coaching ART | Jutta Rode\" \/>\n<meta property=\"og:description\" content=\"Du sucht eine Business-, Team- und Leadership Coach? Auf jeden Fall mit ICF-Zertifizierung? Eine Expertin f\u00fcr Design Thinking, Google Design Sprints, Agilem Arbeiten? Eine Workshop-Moderatorin f\u00fcr Deine Teams auf ihrem Weg zu besserer Zusammenarbeit? Eine vertrauensvolle Entwicklungs-Begleiterin auf Deinem Karriereweg?\" \/>\n<meta property=\"og:url\" content=\"https:\/\/juttarode.de\/index.php\/mein-coaching-ansatz\/\" \/>\n<meta property=\"og:site_name\" content=\"Jutta Rode\" \/>\n<meta property=\"article:modified_time\" content=\"2026-01-09T13:05:38+00:00\" \/>\n<meta property=\"og:image\" content=\"https:\/\/juttarode.de\/wp-content\/uploads\/2022\/04\/9H7A8660-scaled-e1656443664689.jpg\" \/>\n\t<meta property=\"og:image:width\" content=\"2560\" \/>\n\t<meta property=\"og:image:height\" content=\"1433\" \/>\n\t<meta property=\"og:image:type\" content=\"image\/jpeg\" \/>\n<meta name=\"twitter:card\" content=\"summary_large_image\" \/>\n<meta name=\"twitter:label1\" content=\"Gesch\u00e4tzte Lesezeit\" \/>\n\t<meta name=\"twitter:data1\" content=\"3\u00a0Minuten\" \/>\n<script type=\"application\/ld+json\" class=\"yoast-schema-graph\">{\"@context\":\"https:\/\/schema.org\",\"@graph\":[{\"@type\":\"WebPage\",\"@id\":\"https:\/\/juttarode.de\/index.php\/mein-coaching-ansatz\/\",\"url\":\"https:\/\/juttarode.de\/index.php\/mein-coaching-ansatz\/\",\"name\":\"Coaching ART | Jutta Rode\",\"isPartOf\":{\"@id\":\"https:\/\/juttarode.de\/#website\"},\"primaryImageOfPage\":{\"@id\":\"https:\/\/juttarode.de\/index.php\/mein-coaching-ansatz\/#primaryimage\"},\"image\":{\"@id\":\"https:\/\/juttarode.de\/index.php\/mein-coaching-ansatz\/#primaryimage\"},\"thumbnailUrl\":\"https:\/\/juttarode.de\/wp-content\/uploads\/2022\/04\/9H7A8660-scaled-e1656443664689.jpg\",\"datePublished\":\"2022-04-08T15:54:06+00:00\",\"dateModified\":\"2026-01-09T13:05:38+00:00\",\"description\":\"Du sucht eine Business-, Team- und Leadership Coach? Auf jeden Fall mit ICF-Zertifizierung? Eine Expertin f\u00fcr Design Thinking, Google Design Sprints, Agilem Arbeiten? Eine Workshop-Moderatorin f\u00fcr Deine Teams auf ihrem Weg zu besserer Zusammenarbeit? Eine vertrauensvolle Entwicklungs-Begleiterin auf Deinem Karriereweg?\",\"breadcrumb\":{\"@id\":\"https:\/\/juttarode.de\/index.php\/mein-coaching-ansatz\/#breadcrumb\"},\"inLanguage\":\"de\",\"potentialAction\":[{\"@type\":\"ReadAction\",\"target\":[\"https:\/\/juttarode.de\/index.php\/mein-coaching-ansatz\/\"]}]},{\"@type\":\"ImageObject\",\"inLanguage\":\"de\",\"@id\":\"https:\/\/juttarode.de\/index.php\/mein-coaching-ansatz\/#primaryimage\",\"url\":\"https:\/\/juttarode.de\/wp-content\/uploads\/2022\/04\/9H7A8660-scaled-e1656443664689.jpg\",\"contentUrl\":\"https:\/\/juttarode.de\/wp-content\/uploads\/2022\/04\/9H7A8660-scaled-e1656443664689.jpg\",\"width\":2560,\"height\":1433},{\"@type\":\"BreadcrumbList\",\"@id\":\"https:\/\/juttarode.de\/index.php\/mein-coaching-ansatz\/#breadcrumb\",\"itemListElement\":[{\"@type\":\"ListItem\",\"position\":1,\"name\":\"Startseite\",\"item\":\"https:\/\/juttarode.de\/\"},{\"@type\":\"ListItem\",\"position\":2,\"name\":\"Coaching ART\"}]},{\"@type\":\"WebSite\",\"@id\":\"https:\/\/juttarode.de\/#website\",\"url\":\"https:\/\/juttarode.de\/\",\"name\":\"Jutta Rode\",\"description\":\"Helping You Transform \",\"publisher\":{\"@id\":\"https:\/\/juttarode.de\/#organization\"},\"potentialAction\":[{\"@type\":\"SearchAction\",\"target\":{\"@type\":\"EntryPoint\",\"urlTemplate\":\"https:\/\/juttarode.de\/?s={search_term_string}\"},\"query-input\":{\"@type\":\"PropertyValueSpecification\",\"valueRequired\":true,\"valueName\":\"search_term_string\"}}],\"inLanguage\":\"de\"},{\"@type\":\"Organization\",\"@id\":\"https:\/\/juttarode.de\/#organization\",\"name\":\"Jutta Rode\",\"url\":\"https:\/\/juttarode.de\/\",\"logo\":{\"@type\":\"ImageObject\",\"inLanguage\":\"de\",\"@id\":\"https:\/\/juttarode.de\/#\/schema\/logo\/image\/\",\"url\":\"https:\/\/juttarode.de\/wp-content\/uploads\/2022\/05\/IMG-3150-e1653911891555.png\",\"contentUrl\":\"https:\/\/juttarode.de\/wp-content\/uploads\/2022\/05\/IMG-3150-e1653911891555.png\",\"width\":301,\"height\":194,\"caption\":\"Jutta Rode\"},\"image\":{\"@id\":\"https:\/\/juttarode.de\/#\/schema\/logo\/image\/\"}}]}<\/script>\n<!-- \/ Yoast SEO plugin. -->","yoast_head_json":{"title":"Coaching ART | Jutta Rode","description":"Du sucht eine Business-, Team- und Leadership Coach? Auf jeden Fall mit ICF-Zertifizierung? Eine Expertin f\u00fcr Design Thinking, Google Design Sprints, Agilem Arbeiten? Eine Workshop-Moderatorin f\u00fcr Deine Teams auf ihrem Weg zu besserer Zusammenarbeit? Eine vertrauensvolle Entwicklungs-Begleiterin auf Deinem Karriereweg?","robots":{"index":"index","follow":"follow","max-snippet":"max-snippet:-1","max-image-preview":"max-image-preview:large","max-video-preview":"max-video-preview:-1"},"canonical":"https:\/\/juttarode.de\/index.php\/mein-coaching-ansatz\/","og_locale":"de_DE","og_type":"article","og_title":"Coaching ART | Jutta Rode","og_description":"Du sucht eine Business-, Team- und Leadership Coach? Auf jeden Fall mit ICF-Zertifizierung? Eine Expertin f\u00fcr Design Thinking, Google Design Sprints, Agilem Arbeiten? Eine Workshop-Moderatorin f\u00fcr Deine Teams auf ihrem Weg zu besserer Zusammenarbeit? Eine vertrauensvolle Entwicklungs-Begleiterin auf Deinem Karriereweg?","og_url":"https:\/\/juttarode.de\/index.php\/mein-coaching-ansatz\/","og_site_name":"Jutta Rode","article_modified_time":"2026-01-09T13:05:38+00:00","og_image":[{"width":2560,"height":1433,"url":"https:\/\/juttarode.de\/wp-content\/uploads\/2022\/04\/9H7A8660-scaled-e1656443664689.jpg","type":"image\/jpeg"}],"twitter_card":"summary_large_image","twitter_misc":{"Gesch\u00e4tzte Lesezeit":"3\u00a0Minuten"},"schema":{"@context":"https:\/\/schema.org","@graph":[{"@type":"WebPage","@id":"https:\/\/juttarode.de\/index.php\/mein-coaching-ansatz\/","url":"https:\/\/juttarode.de\/index.php\/mein-coaching-ansatz\/","name":"Coaching ART | Jutta Rode","isPartOf":{"@id":"https:\/\/juttarode.de\/#website"},"primaryImageOfPage":{"@id":"https:\/\/juttarode.de\/index.php\/mein-coaching-ansatz\/#primaryimage"},"image":{"@id":"https:\/\/juttarode.de\/index.php\/mein-coaching-ansatz\/#primaryimage"},"thumbnailUrl":"https:\/\/juttarode.de\/wp-content\/uploads\/2022\/04\/9H7A8660-scaled-e1656443664689.jpg","datePublished":"2022-04-08T15:54:06+00:00","dateModified":"2026-01-09T13:05:38+00:00","description":"Du sucht eine Business-, Team- und Leadership Coach? Auf jeden Fall mit ICF-Zertifizierung? Eine Expertin f\u00fcr Design Thinking, Google Design Sprints, Agilem Arbeiten? Eine Workshop-Moderatorin f\u00fcr Deine Teams auf ihrem Weg zu besserer Zusammenarbeit? Eine vertrauensvolle Entwicklungs-Begleiterin auf Deinem Karriereweg?","breadcrumb":{"@id":"https:\/\/juttarode.de\/index.php\/mein-coaching-ansatz\/#breadcrumb"},"inLanguage":"de","potentialAction":[{"@type":"ReadAction","target":["https:\/\/juttarode.de\/index.php\/mein-coaching-ansatz\/"]}]},{"@type":"ImageObject","inLanguage":"de","@id":"https:\/\/juttarode.de\/index.php\/mein-coaching-ansatz\/#primaryimage","url":"https:\/\/juttarode.de\/wp-content\/uploads\/2022\/04\/9H7A8660-scaled-e1656443664689.jpg","contentUrl":"https:\/\/juttarode.de\/wp-content\/uploads\/2022\/04\/9H7A8660-scaled-e1656443664689.jpg","width":2560,"height":1433},{"@type":"BreadcrumbList","@id":"https:\/\/juttarode.de\/index.php\/mein-coaching-ansatz\/#breadcrumb","itemListElement":[{"@type":"ListItem","position":1,"name":"Startseite","item":"https:\/\/juttarode.de\/"},{"@type":"ListItem","position":2,"name":"Coaching ART"}]},{"@type":"WebSite","@id":"https:\/\/juttarode.de\/#website","url":"https:\/\/juttarode.de\/","name":"Jutta Rode","description":"Helping You Transform ","publisher":{"@id":"https:\/\/juttarode.de\/#organization"},"potentialAction":[{"@type":"SearchAction","target":{"@type":"EntryPoint","urlTemplate":"https:\/\/juttarode.de\/?s={search_term_string}"},"query-input":{"@type":"PropertyValueSpecification","valueRequired":true,"valueName":"search_term_string"}}],"inLanguage":"de"},{"@type":"Organization","@id":"https:\/\/juttarode.de\/#organization","name":"Jutta Rode","url":"https:\/\/juttarode.de\/","logo":{"@type":"ImageObject","inLanguage":"de","@id":"https:\/\/juttarode.de\/#\/schema\/logo\/image\/","url":"https:\/\/juttarode.de\/wp-content\/uploads\/2022\/05\/IMG-3150-e1653911891555.png","contentUrl":"https:\/\/juttarode.de\/wp-content\/uploads\/2022\/05\/IMG-3150-e1653911891555.png","width":301,"height":194,"caption":"Jutta Rode"},"image":{"@id":"https:\/\/juttarode.de\/#\/schema\/logo\/image\/"}}]}},"_links":{"self":[{"href":"https:\/\/juttarode.de\/index.php\/wp-json\/wp\/v2\/pages\/690","targetHints":{"allow":["GET"]}}],"collection":[{"href":"https:\/\/juttarode.de\/index.php\/wp-json\/wp\/v2\/pages"}],"about":[{"href":"https:\/\/juttarode.de\/index.php\/wp-json\/wp\/v2\/types\/page"}],"author":[{"embeddable":true,"href":"https:\/\/juttarode.de\/index.php\/wp-json\/wp\/v2\/users\/1"}],"replies":[{"embeddable":true,"href":"https:\/\/juttarode.de\/index.php\/wp-json\/wp\/v2\/comments?post=690"}],"version-history":[{"count":78,"href":"https:\/\/juttarode.de\/index.php\/wp-json\/wp\/v2\/pages\/690\/revisions"}],"predecessor-version":[{"id":2404,"href":"https:\/\/juttarode.de\/index.php\/wp-json\/wp\/v2\/pages\/690\/revisions\/2404"}],"wp:featuredmedia":[{"embeddable":true,"href":"https:\/\/juttarode.de\/index.php\/wp-json\/wp\/v2\/media\/719"}],"wp:attachment":[{"href":"https:\/\/juttarode.de\/index.php\/wp-json\/wp\/v2\/media?parent=690"}],"curies":[{"name":"wp","href":"https:\/\/api.w.org\/{rel}","templated":true}]}}