{"id":667,"date":"2022-04-08T14:40:41","date_gmt":"2022-04-08T14:40:41","guid":{"rendered":"https:\/\/juttarode.de\/?page_id=667"},"modified":"2022-11-09T19:26:31","modified_gmt":"2022-11-09T19:26:31","slug":"business-coaching","status":"publish","type":"page","link":"https:\/\/juttarode.de\/index.php\/business-coaching\/","title":{"rendered":"Business &#038; Life Coaching"},"content":{"rendered":"\n<p><\/p>\n\n\n\n<blockquote class=\"wp-block-quote is-layout-flow wp-block-quote-is-layout-flow\" style=\"font-size:34px\">\n<p>F\u00fcr Frauen, die ihr Leben weiter denken <\/p>\n<\/blockquote>\n\n\n\n<p><\/p>\n\n\n\n<p>Kommen Dir folgende <strong>Lebenssituationen <\/strong>bekannt vor?  <\/p>\n\n\n\n<div class=\"wp-block-group\"><div class=\"wp-block-group__inner-container is-layout-flow wp-block-group-is-layout-flow\">\n<h2 class=\"has-black-color has-text-color wp-block-heading\"><strong><em>Der n\u00e4chste Karriere-Schritt <\/em><\/strong><\/h2>\n\n\n\n<div class=\"wp-block-group is-vertical is-content-justification-right is-layout-flex wp-container-core-group-is-layout-b6c475e2 wp-block-group-is-layout-flex\">\n<ul class=\"has-background wp-block-list\" style=\"background-color:#effbf9\">\n<li>Du bist seit Jahren <strong>erfolgreich<\/strong> und <strong>routiniert-professionell in Deinem Job.<\/strong>  Es macht sich Langeweile breit und die Sehnsucht nach Weiterentwicklung und Ver\u00e4nderung, denn Du sp\u00fcrst, dass da noch so viel mehr in Dir steckt als das, was Dein Job Dir seit Jahren abverlangt. <br><\/li>\n\n\n\n<li>Du hast gerade Dein <strong>Studium mit einem sehr guten Abschluss <\/strong>beendet. Alle T\u00fcren stehen Dir offen. Und damit f\u00e4ngt die Herausforderung an. Die heutige Berufswelt ist voller unz\u00e4hliger M\u00f6glichkeiten. Du suchst Orientierung, bist unsicher und stellst Dir pl\u00f6tzlich die Frage, ob Du Dich \u00fcberhaupt auf die f\u00fcr Dich passende Fachrichtung spezialisiert hast.<br> <\/li>\n\n\n\n<li>Du sp\u00fcrst Seitenwind, wenn nicht sogar <strong>Gegenwind im Job im Kontext von New Work<\/strong>, Digitalisierung, agilem Arbeiten. Ein mulmiges Bauchgef\u00fchl macht sich bei Dir breit. Du fragst Dich, ob Du mit den sich \u00e4ndernden Anforderung im Job und der Generation Z (noch) mithalten kannst und ob Dein Arbeitsplatz eigentlich noch sicher ist.<\/li>\n<\/ul>\n<\/div>\n<\/div><\/div>\n\n\n\n<div class=\"wp-block-group\"><div class=\"wp-block-group__inner-container is-layout-flow wp-block-group-is-layout-flow\">\n<h2 class=\"has-black-color has-text-color wp-block-heading\"><strong><em>Wiedereinstieg in den Beruf<\/em><\/strong><\/h2>\n\n\n\n<ul class=\"has-background wp-block-list\" style=\"background-color:#f6f4f5\">\n<li>Du bist <strong>erfolgreiche Familien-Managerin.<\/strong> Deine Kinder werden gerade sehr schnell erwachsen und gehen ihre eigenen Wege. Pl\u00f6tzlich entsteht ungewohnter Freiraum f\u00fcr Dich: eine Situation, die Neugier weckt in Dir, aber auch etwas Angst vor der drohenden Leere macht.<br><\/li>\n\n\n\n<li>Du bist<strong> junge Mutter und karrierebewusste Frau<\/strong> und m\u00f6chtest nach der bewusst gew\u00e4hlten Mutter- und Familienphase im Beruf weiter durchstarten \u2013 und die Gedanken kreisen darum, wie Du die verschiedenen Lebensbereiche und Rollen unter einen Hut bringen kannst, ohne Dich aufzureiben zwischen allen Verpflichtungen und ohne zu ersch\u00f6pfen.  <br><\/li>\n\n\n\n<li>Du hast Dich <strong>bewusst f\u00fcr die Rolle der Frau und Mutter entschieden<\/strong>, Dich viele Jahre lang f\u00fcr die Familie und Andere aufopfernd engagiert: Es waren sehr bereichernde Erlebnisse, gleichzeitig auch energiezehrende Zeiten, in denen Du viele unterschiedliche Belastungen ausgehalten hast und dar\u00fcber Dich selbst ein wenig vergessen zu haben scheinst. Da stehen auf einmal Fragen im Raum: Was nun? Wo liegt Deine berufliche Zukunft? Wie gelingt ein Wiedereinstieg? Wie machst Du Dich attraktiv f\u00fcr den Arbeitsmarkt? <\/li>\n<\/ul>\n<\/div><\/div>\n\n\n\n<h2 class=\"has-black-color has-text-color wp-block-heading\"><em><strong><span><i>Innehalten <\/i><\/span><\/strong>in der Komplexit\u00e4t des Lebens<\/em><\/h2>\n\n\n\n<ul class=\"has-background wp-block-list\" style=\"background-color:#effbf9\">\n<li>den <strong>R\u00fcckblick<\/strong> wagen &#8230; auf die Erfahrungen seit Jahresbeginn<br><\/li>\n\n\n\n<li>in die <strong>Reflektion<\/strong> gehen &#8230; um wertvolle Erkenntnisse zu gewinnen <br><\/li>\n\n\n\n<li>den <strong>Blick f\u00fcr das Wesentliche <\/strong>sch\u00e4rfen<strong>  <\/strong>&#8230; f\u00fcr die Zeit bis zum Jahresende <\/li>\n<\/ul>\n\n\n\n<div style=\"height:69px\" aria-hidden=\"true\" class=\"wp-block-spacer\"><\/div>\n\n\n\n<div class=\"wp-block-group alignwide\"><div class=\"wp-block-group__inner-container is-layout-flow wp-block-group-is-layout-flow\">\n<div class=\"wp-block-cover alignwide is-light has-custom-content-position is-position-center-left\"><span aria-hidden=\"true\" class=\"wp-block-cover__background has-background-dim-100 has-background-dim\" style=\"background-color:#f6f4f5\"><\/span><div class=\"wp-block-cover__inner-container is-layout-flow wp-block-cover-is-layout-flow\">\n<div class=\"wp-block-group alignwide\"><div class=\"wp-block-group__inner-container is-layout-flow wp-block-group-is-layout-flow\">\n<div class=\"wp-block-group alignwide\"><div class=\"wp-block-group__inner-container is-layout-flow wp-block-group-is-layout-flow\">\n<div class=\"wp-block-media-text alignwide has-media-on-the-right is-stacked-on-mobile has-background\" style=\"background-color:#f6f4f5;grid-template-columns:auto 59%\"><div class=\"wp-block-media-text__content\">\n<div class=\"wp-block-group has-background\" style=\"background-color:#f6f4f5\"><div class=\"wp-block-group__inner-container is-layout-flow wp-block-group-is-layout-flow\">\n<h2 class=\"wp-block-heading\" style=\"font-size:30px\"><em><strong>Du denkst <\/strong><\/em><\/h2>\n\n\n\n<p>jetzt ist der <strong>ideale Zeitpunkt,<\/strong> Deine Zukunft aktiv selbst in die Hand zu nehmen und <strong>Dein n\u00e4chstes Kapitel <\/strong>im Leben zu schreiben? <\/p>\n\n\n\n<p><\/p>\n\n\n\n<h2 class=\"wp-block-heading\" style=\"font-size:30px\"><em><strong>Du <\/strong>suchst<\/em><\/h2>\n\n\n\n<p><strong>Austausch<\/strong> und <strong>Begleitung<\/strong> durch eine <strong>neutral auf Deine Situation schauende Person<\/strong>, die weder aus Deinem beruflichen noch privaten Umfeld kommt<\/p>\n<\/div><\/div>\n<\/div><figure class=\"wp-block-media-text__media\"><img loading=\"lazy\" decoding=\"async\" width=\"1024\" height=\"685\" src=\"https:\/\/juttarode.de\/wp-content\/uploads\/2022\/06\/pexels-darina-belonogova-8373814-1024x685.jpg\" alt=\"\" class=\"wp-image-1184 size-large\" srcset=\"https:\/\/juttarode.de\/wp-content\/uploads\/2022\/06\/pexels-darina-belonogova-8373814-1024x685.jpg 1024w, https:\/\/juttarode.de\/wp-content\/uploads\/2022\/06\/pexels-darina-belonogova-8373814-300x201.jpg 300w, https:\/\/juttarode.de\/wp-content\/uploads\/2022\/06\/pexels-darina-belonogova-8373814-768x514.jpg 768w, https:\/\/juttarode.de\/wp-content\/uploads\/2022\/06\/pexels-darina-belonogova-8373814-1536x1027.jpg 1536w, https:\/\/juttarode.de\/wp-content\/uploads\/2022\/06\/pexels-darina-belonogova-8373814-2048x1369.jpg 2048w, https:\/\/juttarode.de\/wp-content\/uploads\/2022\/06\/pexels-darina-belonogova-8373814-1080x722.jpg 1080w, https:\/\/juttarode.de\/wp-content\/uploads\/2022\/06\/pexels-darina-belonogova-8373814-90x60.jpg 90w\" sizes=\"(max-width: 1024px) 100vw, 1024px\" \/><\/figure><\/div>\n<\/div><\/div>\n<\/div><\/div>\n<\/div><\/div>\n<\/div><\/div>\n\n\n\n<figure class=\"wp-block-pullquote\"><blockquote><p><em>Tu Dir Gutes und lerne mich kennen<\/em>.<br>Im Einzel-Coaching begleite ich Dich <br><em>authentisch &#8230; kreativ &#8230; wirkungsvoll!<\/em><\/p><\/blockquote><\/figure>\n\n\n\n<p><\/p>\n\n\n\n<h2 class=\"wp-block-heading\"><em><strong>Du findest <\/strong><\/em><\/h2>\n\n\n\n<ul class=\"has-background wp-block-list\" style=\"background-color:#effbf9\">\n<li>Raum und Zeit, Deinen W\u00fcnschen auf die Spur zu kommen &#8211; &#8222;<strong>outside the box<\/strong>&#8220; und absolut vertraulich<br><\/li>\n\n\n\n<li>Dir bewusst zu werden \u00fcber <strong>Dich selbst, Deine St\u00e4rken und Ressourcen<\/strong> \u2013 angeregt durch wirkungsvolle Fragen und innovative Tools<br><\/li>\n\n\n\n<li>Eine <strong>Vision<\/strong> Deines n\u00e4chsten Lebensabschnitts zu entwerfen \u2013 klar, strukturiert, authentisch &nbsp;<br><\/li>\n\n\n\n<li>Lebensentw\u00fcrfe zu gestalten, bewusst Entscheidungen zu treffen und <strong>Deine ersten Schritte<\/strong> zu gehen \u2013 mit positiver Energie, mutig und voller <strong>Zuversicht<\/strong><\/li>\n<\/ul>\n\n\n\n<div style=\"height:38px\" aria-hidden=\"true\" class=\"wp-block-spacer\"><\/div>\n\n\n\n<div style=\"height:38px\" aria-hidden=\"true\" class=\"wp-block-spacer\"><\/div>\n\n\n\n<div class=\"wp-block-group\"><div class=\"wp-block-group__inner-container is-layout-flow wp-block-group-is-layout-flow\">\n<div class=\"wp-block-group\"><div class=\"wp-block-group__inner-container is-layout-flow wp-block-group-is-layout-flow\">\n<div class=\"wp-block-group\"><div class=\"wp-block-group__inner-container is-layout-flow wp-block-group-is-layout-flow\">\n<div class=\"wp-block-group has-background\" style=\"background-color:#ffffff00\"><div class=\"wp-block-group__inner-container is-layout-flow wp-block-group-is-layout-flow\">\n<div class=\"wp-block-buttons is-horizontal is-content-justification-center is-layout-flex wp-container-core-buttons-is-layout-937ffba9 wp-block-buttons-is-layout-flex\">\n<div class=\"wp-block-button is-style-fill\"><a class=\"wp-block-button__link has-white-color has-text-color has-background wp-element-button\" href=\"https:\/\/juttarode.de\/index.php\/de\/termine\/\" style=\"background-color:#db4774\" target=\"_blank\" rel=\"noreferrer noopener\">Jetzt Dein kostenfreies WELCOME-Gespr\u00e4ch sichern<\/a><\/div>\n<\/div>\n<\/div><\/div>\n<\/div><\/div>\n<\/div><\/div>\n<\/div><\/div>\n\n\n\n<div class=\"wp-block-columns is-layout-flex wp-container-core-columns-is-layout-9d6595d7 wp-block-columns-is-layout-flex\">\n<div class=\"wp-block-column is-layout-flow wp-block-column-is-layout-flow\"><\/div>\n\n\n\n<div class=\"wp-block-column is-layout-flow wp-block-column-is-layout-flow\"><\/div>\n<\/div>\n","protected":false},"excerpt":{"rendered":"<p>F\u00fcr Frauen, die ihr Leben weiter denken Kommen Dir folgende Lebenssituationen bekannt vor? Der n\u00e4chste Karriere-Schritt Wiedereinstieg in den Beruf Innehalten in der Komplexit\u00e4t des Lebens Tu Dir Gutes und lerne mich kennen.Im Einzel-Coaching begleite ich Dich authentisch &#8230; kreativ &#8230; wirkungsvoll! Du findest<\/p>\n","protected":false},"author":1,"featured_media":1179,"parent":0,"menu_order":0,"comment_status":"closed","ping_status":"closed","template":"","meta":{"_et_pb_use_builder":"","_et_pb_old_content":"","_et_gb_content_width":"","footnotes":""},"class_list":["post-667","page","type-page","status-publish","has-post-thumbnail","hentry","grid-sizer"],"yoast_head":"<!-- This site is optimized with the Yoast SEO plugin v25.9 - https:\/\/yoast.com\/wordpress\/plugins\/seo\/ -->\n<title>Business &amp; Life Coaching | Jutta Rode<\/title>\n<meta name=\"description\" content=\"Deine vertrauensvolle Entwicklungs-Begleiterin und ICF-zertifizierte Coach, damit Dein n\u00e4chster Karriere-Schritt optimal gelingt oder auch Dein Wiedereinstieg in den Beruf nach einer Auszeit.\" \/>\n<meta name=\"robots\" content=\"index, follow, max-snippet:-1, max-image-preview:large, max-video-preview:-1\" \/>\n<link rel=\"canonical\" href=\"https:\/\/juttarode.de\/index.php\/business-coaching\/\" \/>\n<meta property=\"og:locale\" content=\"de_DE\" \/>\n<meta property=\"og:type\" content=\"article\" \/>\n<meta property=\"og:title\" content=\"Business &amp; Life Coaching | Jutta Rode\" \/>\n<meta property=\"og:description\" content=\"Deine vertrauensvolle Entwicklungs-Begleiterin und ICF-zertifizierte Coach, damit Dein n\u00e4chster Karriere-Schritt optimal gelingt oder auch Dein Wiedereinstieg in den Beruf nach einer Auszeit.\" \/>\n<meta property=\"og:url\" content=\"https:\/\/juttarode.de\/index.php\/business-coaching\/\" \/>\n<meta property=\"og:site_name\" content=\"Jutta Rode\" \/>\n<meta property=\"article:modified_time\" content=\"2022-11-09T19:26:31+00:00\" \/>\n<meta property=\"og:image\" content=\"https:\/\/juttarode.de\/wp-content\/uploads\/2022\/06\/pexels-cowomen-2041390-scaled.jpg\" \/>\n\t<meta property=\"og:image:width\" content=\"2560\" \/>\n\t<meta property=\"og:image:height\" content=\"1707\" \/>\n\t<meta property=\"og:image:type\" content=\"image\/jpeg\" \/>\n<meta name=\"twitter:card\" content=\"summary_large_image\" \/>\n<meta name=\"twitter:label1\" content=\"Gesch\u00e4tzte Lesezeit\" \/>\n\t<meta name=\"twitter:data1\" content=\"3\u00a0Minuten\" \/>\n<script type=\"application\/ld+json\" class=\"yoast-schema-graph\">{\"@context\":\"https:\/\/schema.org\",\"@graph\":[{\"@type\":\"WebPage\",\"@id\":\"https:\/\/juttarode.de\/index.php\/business-coaching\/\",\"url\":\"https:\/\/juttarode.de\/index.php\/business-coaching\/\",\"name\":\"Business & Life Coaching | Jutta Rode\",\"isPartOf\":{\"@id\":\"https:\/\/juttarode.de\/#website\"},\"primaryImageOfPage\":{\"@id\":\"https:\/\/juttarode.de\/index.php\/business-coaching\/#primaryimage\"},\"image\":{\"@id\":\"https:\/\/juttarode.de\/index.php\/business-coaching\/#primaryimage\"},\"thumbnailUrl\":\"https:\/\/juttarode.de\/wp-content\/uploads\/2022\/06\/pexels-cowomen-2041390-scaled.jpg\",\"datePublished\":\"2022-04-08T14:40:41+00:00\",\"dateModified\":\"2022-11-09T19:26:31+00:00\",\"description\":\"Deine vertrauensvolle Entwicklungs-Begleiterin und ICF-zertifizierte Coach, damit Dein n\u00e4chster Karriere-Schritt optimal gelingt oder auch Dein Wiedereinstieg in den Beruf nach einer Auszeit.\",\"breadcrumb\":{\"@id\":\"https:\/\/juttarode.de\/index.php\/business-coaching\/#breadcrumb\"},\"inLanguage\":\"de\",\"potentialAction\":[{\"@type\":\"ReadAction\",\"target\":[\"https:\/\/juttarode.de\/index.php\/business-coaching\/\"]}]},{\"@type\":\"ImageObject\",\"inLanguage\":\"de\",\"@id\":\"https:\/\/juttarode.de\/index.php\/business-coaching\/#primaryimage\",\"url\":\"https:\/\/juttarode.de\/wp-content\/uploads\/2022\/06\/pexels-cowomen-2041390-scaled.jpg\",\"contentUrl\":\"https:\/\/juttarode.de\/wp-content\/uploads\/2022\/06\/pexels-cowomen-2041390-scaled.jpg\",\"width\":2560,\"height\":1707},{\"@type\":\"BreadcrumbList\",\"@id\":\"https:\/\/juttarode.de\/index.php\/business-coaching\/#breadcrumb\",\"itemListElement\":[{\"@type\":\"ListItem\",\"position\":1,\"name\":\"Startseite\",\"item\":\"https:\/\/juttarode.de\/\"},{\"@type\":\"ListItem\",\"position\":2,\"name\":\"Business &#038; Life Coaching\"}]},{\"@type\":\"WebSite\",\"@id\":\"https:\/\/juttarode.de\/#website\",\"url\":\"https:\/\/juttarode.de\/\",\"name\":\"Jutta Rode\",\"description\":\"Helping You Transform \",\"publisher\":{\"@id\":\"https:\/\/juttarode.de\/#organization\"},\"potentialAction\":[{\"@type\":\"SearchAction\",\"target\":{\"@type\":\"EntryPoint\",\"urlTemplate\":\"https:\/\/juttarode.de\/?s={search_term_string}\"},\"query-input\":{\"@type\":\"PropertyValueSpecification\",\"valueRequired\":true,\"valueName\":\"search_term_string\"}}],\"inLanguage\":\"de\"},{\"@type\":\"Organization\",\"@id\":\"https:\/\/juttarode.de\/#organization\",\"name\":\"Jutta Rode\",\"url\":\"https:\/\/juttarode.de\/\",\"logo\":{\"@type\":\"ImageObject\",\"inLanguage\":\"de\",\"@id\":\"https:\/\/juttarode.de\/#\/schema\/logo\/image\/\",\"url\":\"https:\/\/juttarode.de\/wp-content\/uploads\/2022\/05\/IMG-3150-e1653911891555.png\",\"contentUrl\":\"https:\/\/juttarode.de\/wp-content\/uploads\/2022\/05\/IMG-3150-e1653911891555.png\",\"width\":301,\"height\":194,\"caption\":\"Jutta Rode\"},\"image\":{\"@id\":\"https:\/\/juttarode.de\/#\/schema\/logo\/image\/\"}}]}<\/script>\n<!-- \/ Yoast SEO plugin. -->","yoast_head_json":{"title":"Business & Life Coaching | Jutta Rode","description":"Deine vertrauensvolle Entwicklungs-Begleiterin und ICF-zertifizierte Coach, damit Dein n\u00e4chster Karriere-Schritt optimal gelingt oder auch Dein Wiedereinstieg in den Beruf nach einer Auszeit.","robots":{"index":"index","follow":"follow","max-snippet":"max-snippet:-1","max-image-preview":"max-image-preview:large","max-video-preview":"max-video-preview:-1"},"canonical":"https:\/\/juttarode.de\/index.php\/business-coaching\/","og_locale":"de_DE","og_type":"article","og_title":"Business & Life Coaching | Jutta Rode","og_description":"Deine vertrauensvolle Entwicklungs-Begleiterin und ICF-zertifizierte Coach, damit Dein n\u00e4chster Karriere-Schritt optimal gelingt oder auch Dein Wiedereinstieg in den Beruf nach einer Auszeit.","og_url":"https:\/\/juttarode.de\/index.php\/business-coaching\/","og_site_name":"Jutta Rode","article_modified_time":"2022-11-09T19:26:31+00:00","og_image":[{"width":2560,"height":1707,"url":"https:\/\/juttarode.de\/wp-content\/uploads\/2022\/06\/pexels-cowomen-2041390-scaled.jpg","type":"image\/jpeg"}],"twitter_card":"summary_large_image","twitter_misc":{"Gesch\u00e4tzte Lesezeit":"3\u00a0Minuten"},"schema":{"@context":"https:\/\/schema.org","@graph":[{"@type":"WebPage","@id":"https:\/\/juttarode.de\/index.php\/business-coaching\/","url":"https:\/\/juttarode.de\/index.php\/business-coaching\/","name":"Business & Life Coaching | Jutta Rode","isPartOf":{"@id":"https:\/\/juttarode.de\/#website"},"primaryImageOfPage":{"@id":"https:\/\/juttarode.de\/index.php\/business-coaching\/#primaryimage"},"image":{"@id":"https:\/\/juttarode.de\/index.php\/business-coaching\/#primaryimage"},"thumbnailUrl":"https:\/\/juttarode.de\/wp-content\/uploads\/2022\/06\/pexels-cowomen-2041390-scaled.jpg","datePublished":"2022-04-08T14:40:41+00:00","dateModified":"2022-11-09T19:26:31+00:00","description":"Deine vertrauensvolle Entwicklungs-Begleiterin und ICF-zertifizierte Coach, damit Dein n\u00e4chster Karriere-Schritt optimal gelingt oder auch Dein Wiedereinstieg in den Beruf nach einer Auszeit.","breadcrumb":{"@id":"https:\/\/juttarode.de\/index.php\/business-coaching\/#breadcrumb"},"inLanguage":"de","potentialAction":[{"@type":"ReadAction","target":["https:\/\/juttarode.de\/index.php\/business-coaching\/"]}]},{"@type":"ImageObject","inLanguage":"de","@id":"https:\/\/juttarode.de\/index.php\/business-coaching\/#primaryimage","url":"https:\/\/juttarode.de\/wp-content\/uploads\/2022\/06\/pexels-cowomen-2041390-scaled.jpg","contentUrl":"https:\/\/juttarode.de\/wp-content\/uploads\/2022\/06\/pexels-cowomen-2041390-scaled.jpg","width":2560,"height":1707},{"@type":"BreadcrumbList","@id":"https:\/\/juttarode.de\/index.php\/business-coaching\/#breadcrumb","itemListElement":[{"@type":"ListItem","position":1,"name":"Startseite","item":"https:\/\/juttarode.de\/"},{"@type":"ListItem","position":2,"name":"Business &#038; Life Coaching"}]},{"@type":"WebSite","@id":"https:\/\/juttarode.de\/#website","url":"https:\/\/juttarode.de\/","name":"Jutta Rode","description":"Helping You Transform ","publisher":{"@id":"https:\/\/juttarode.de\/#organization"},"potentialAction":[{"@type":"SearchAction","target":{"@type":"EntryPoint","urlTemplate":"https:\/\/juttarode.de\/?s={search_term_string}"},"query-input":{"@type":"PropertyValueSpecification","valueRequired":true,"valueName":"search_term_string"}}],"inLanguage":"de"},{"@type":"Organization","@id":"https:\/\/juttarode.de\/#organization","name":"Jutta Rode","url":"https:\/\/juttarode.de\/","logo":{"@type":"ImageObject","inLanguage":"de","@id":"https:\/\/juttarode.de\/#\/schema\/logo\/image\/","url":"https:\/\/juttarode.de\/wp-content\/uploads\/2022\/05\/IMG-3150-e1653911891555.png","contentUrl":"https:\/\/juttarode.de\/wp-content\/uploads\/2022\/05\/IMG-3150-e1653911891555.png","width":301,"height":194,"caption":"Jutta Rode"},"image":{"@id":"https:\/\/juttarode.de\/#\/schema\/logo\/image\/"}}]}},"_links":{"self":[{"href":"https:\/\/juttarode.de\/index.php\/wp-json\/wp\/v2\/pages\/667","targetHints":{"allow":["GET"]}}],"collection":[{"href":"https:\/\/juttarode.de\/index.php\/wp-json\/wp\/v2\/pages"}],"about":[{"href":"https:\/\/juttarode.de\/index.php\/wp-json\/wp\/v2\/types\/page"}],"author":[{"embeddable":true,"href":"https:\/\/juttarode.de\/index.php\/wp-json\/wp\/v2\/users\/1"}],"replies":[{"embeddable":true,"href":"https:\/\/juttarode.de\/index.php\/wp-json\/wp\/v2\/comments?post=667"}],"version-history":[{"count":90,"href":"https:\/\/juttarode.de\/index.php\/wp-json\/wp\/v2\/pages\/667\/revisions"}],"predecessor-version":[{"id":1963,"href":"https:\/\/juttarode.de\/index.php\/wp-json\/wp\/v2\/pages\/667\/revisions\/1963"}],"wp:featuredmedia":[{"embeddable":true,"href":"https:\/\/juttarode.de\/index.php\/wp-json\/wp\/v2\/media\/1179"}],"wp:attachment":[{"href":"https:\/\/juttarode.de\/index.php\/wp-json\/wp\/v2\/media?parent=667"}],"curies":[{"name":"wp","href":"https:\/\/api.w.org\/{rel}","templated":true}]}}