{"id":606,"date":"2022-03-30T11:46:02","date_gmt":"2022-03-30T11:46:02","guid":{"rendered":"https:\/\/juttarode.de\/?page_id=606"},"modified":"2025-09-13T18:46:21","modified_gmt":"2025-09-13T18:46:21","slug":"team-coaching","status":"publish","type":"page","link":"https:\/\/juttarode.de\/index.php\/team-coaching\/","title":{"rendered":"Team &#038; Leadership Coaching"},"content":{"rendered":"\n<blockquote class=\"wp-block-quote is-layout-flow wp-block-quote-is-layout-flow\" style=\"font-size:34px\">\n<p>F\u00fcr CEOs und F\u00fchrungskr\u00e4fte, die mit ihren Teams zukunftsfit werden wollen <\/p>\n<\/blockquote>\n\n\n\n<div style=\"height:56px\" aria-hidden=\"true\" class=\"wp-block-spacer\"><\/div>\n\n\n\n<h2 class=\"wp-block-heading\"><em>Euer Blick in die Zukunft <\/em><\/h2>\n\n\n\n<ul class=\"has-background wp-block-list\" style=\"background-color:#effbf9\"><li>Ihr agiert in einem komplexen, sich st\u00e4ndig wandelnden Marktumfeld und die gr\u00f6\u00dfte <strong>Herausforderung<\/strong> seht Ihr dahin, die <strong>Innovations- und Wettbewerbsf\u00e4higkeit<\/strong> Eures Unternehmens heute und f\u00fcr die Zukunft zu <strong>sichern<\/strong>.<br><\/li><li>Die <strong>Talente, F\u00e4higkeiten, der Ideenreichtum<\/strong> <strong>und die Energie<\/strong> Eurer Mitarbeiterinnen und Mitarbeiter spielen eine, wenn nicht <strong>DIE<\/strong> entscheidende Rolle bei der Gestaltung einer <strong>nachhaltigen Wettbewerbsdifferenzierung<\/strong>.<br> <\/li><\/ul>\n\n\n\n<div style=\"height:50px\" aria-hidden=\"true\" class=\"wp-block-spacer\"><\/div>\n\n\n\n<h2 class=\"wp-block-heading\"><em>Als professioneller und ICF-zertifizierter Coach f\u00fcr Organisationen <\/em><\/h2>\n\n\n\n<ul class=\"wp-block-list\">\n<li>unterst\u00fctze ich Euch und Eure Teams, i<strong>nnovativ(er) zu denken<\/strong> und <strong>agil(er) zusammen zu arbeiten <\/strong>&#8211; kundenorientiert, effektiv und effizient.<br><\/li>\n\n\n\n<li>schaffe ich einen <strong>vertrauensvollen und sicheren Raum<\/strong> im Einklang mit den Potenzialen Eurer Teams und Eurer Mitarbeiterinnen und Mitarbeiter<br> <\/li>\n\n\n\n<li>verstehe ich mich als <strong>Erm\u00f6glicherin <\/strong>f\u00fcr <ul><li>einen offenen Dialog<\/li><li>Impulse zur Reflexion<\/li><li>vielf\u00e4ltige Lern-Gelegenheiten <\/li><\/ul>\n<ul class=\"wp-block-list\">\n<li>Denkanst\u00f6\u00dfe auf dem Weg zur Selbsterkenntnis<\/li>\n\n\n\n<li>Hilfe zur Selbst-Hilfe<br><\/li>\n<\/ul>\n<\/li>\n\n\n\n<li>bringe ich meine Innovations-Expertise aus den Bereichen <strong>Design Thinking <\/strong>und<strong> Agilit\u00e4t<\/strong> bedarfsgerecht ein<br><\/li>\n\n\n\n<li>begleite ich <strong>alle Ebenen des Unternehmens<\/strong> &#8211; von der <strong>Gesch\u00e4ftsf\u00fchrung <\/strong>bis zu jedem und jeder<strong> Einzelnen <\/strong>&#8211; in <strong>Einzel-Coaching <\/strong>Formaten.<\/li>\n<\/ul>\n\n\n\n<div style=\"height:51px\" aria-hidden=\"true\" class=\"wp-block-spacer\"><\/div>\n\n\n\n<figure class=\"wp-block-image size-full\"><img loading=\"lazy\" decoding=\"async\" width=\"2560\" height=\"1598\" src=\"https:\/\/juttarode.de\/wp-content\/uploads\/2022\/06\/pexels-anete-lusina-4792509-edited-scaled.jpg\" alt=\"\" class=\"wp-image-1329\" srcset=\"https:\/\/juttarode.de\/wp-content\/uploads\/2022\/06\/pexels-anete-lusina-4792509-edited-scaled.jpg 2560w, https:\/\/juttarode.de\/wp-content\/uploads\/2022\/06\/pexels-anete-lusina-4792509-edited-300x187.jpg 300w, https:\/\/juttarode.de\/wp-content\/uploads\/2022\/06\/pexels-anete-lusina-4792509-edited-1024x639.jpg 1024w, https:\/\/juttarode.de\/wp-content\/uploads\/2022\/06\/pexels-anete-lusina-4792509-edited-768x479.jpg 768w, https:\/\/juttarode.de\/wp-content\/uploads\/2022\/06\/pexels-anete-lusina-4792509-edited-1536x959.jpg 1536w, https:\/\/juttarode.de\/wp-content\/uploads\/2022\/06\/pexels-anete-lusina-4792509-edited-2048x1278.jpg 2048w, https:\/\/juttarode.de\/wp-content\/uploads\/2022\/06\/pexels-anete-lusina-4792509-edited-400x250.jpg 400w, https:\/\/juttarode.de\/wp-content\/uploads\/2022\/06\/pexels-anete-lusina-4792509-edited-1080x674.jpg 1080w, https:\/\/juttarode.de\/wp-content\/uploads\/2022\/06\/pexels-anete-lusina-4792509-edited-96x60.jpg 96w\" sizes=\"(max-width: 2560px) 100vw, 2560px\" \/><\/figure>\n\n\n\n<div style=\"height:35px\" aria-hidden=\"true\" class=\"wp-block-spacer\"><\/div>\n\n\n\n<h2 class=\"wp-block-heading\"><strong><em>Wie Manager und F\u00fchrungskr\u00e4fte die Zusammenarbeit mit mir erleben<\/em><\/strong><\/h2>\n\n\n\n<ul class=\"wp-block-list\">\n<li>Jutta ist eine echte <strong>Fachfrau,<\/strong> sehr <strong>glaubw\u00fcrdig <\/strong>und genie\u00dft <strong>hohes Ansehen.<\/strong><br><\/li>\n\n\n\n<li>Sie <strong>hilft<\/strong> den Teams und Mitarbeitern, <strong>Selbstvertrauen zu gewinnen<\/strong>, das notwendig ist, um \u00fcber sich hinauszuwachsen, wenn Neues und Unbekanntes erlernt und in realen Projekten angewandt wird. <br><\/li>\n\n\n\n<li>Was Jutta so einzigartig macht ist ihre <strong>pragmatische Herangehensweise:<\/strong> Sie versteht sehr schnell, wo wir im Unternehmen und in den Teams stehen und unterst\u00fctzt genau dort mit passenden Angeboten, um den n\u00e4chsten Entwicklungsschritt in der jeweiligen Situation zu erm\u00f6glichen. <\/li>\n<\/ul>\n\n\n\n<figure class=\"wp-block-pullquote\"><blockquote><p>Es ist nicht die st\u00e4rkste Spezies, die \u00fcberlebt, auch nicht die intelligenteste, sondern eher diejenige, die am ehesten bereit ist sich zu ver\u00e4ndern. <\/p><cite>Charles Darwin<\/cite><\/blockquote><\/figure>\n\n\n\n<div style=\"height:51px\" aria-hidden=\"true\" class=\"wp-block-spacer\"><\/div>\n\n\n\n<div style=\"height:51px\" aria-hidden=\"true\" class=\"wp-block-spacer\"><\/div>\n\n\n\n<div class=\"wp-block-columns is-layout-flex wp-container-core-columns-is-layout-9d6595d7 wp-block-columns-is-layout-flex\">\n<div class=\"wp-block-column is-layout-flow wp-block-column-is-layout-flow\" style=\"flex-basis:100%\">\n<div class=\"wp-block-columns is-layout-flex wp-container-core-columns-is-layout-9d6595d7 wp-block-columns-is-layout-flex\">\n<div class=\"wp-block-column is-layout-flow wp-block-column-is-layout-flow\" style=\"flex-basis:100%\">\n<div class=\"wp-block-buttons is-content-justification-center is-layout-flex wp-container-core-buttons-is-layout-16018d1d wp-block-buttons-is-layout-flex\">\n<div class=\"wp-block-button\"><a class=\"wp-block-button__link has-white-color has-text-color has-background wp-element-button\" href=\"https:\/\/juttarode.de\/index.php\/de\/kontakt\/\" style=\"background-color:#db4774\">Jetzt Kontakt aufbauen<\/a><\/div>\n<\/div>\n<\/div>\n<\/div>\n<\/div>\n<\/div>\n","protected":false},"excerpt":{"rendered":"<p>F\u00fcr CEOs und F\u00fchrungskr\u00e4fte, die mit ihren Teams zukunftsfit werden wollen Euer Blick in die Zukunft Als professioneller und ICF-zertifizierter Coach f\u00fcr Organisationen Wie Manager und F\u00fchrungskr\u00e4fte die Zusammenarbeit mit mir erleben Es ist nicht die st\u00e4rkste Spezies, die \u00fcberlebt, auch nicht die intelligenteste, sondern eher diejenige, die am ehesten bereit ist sich zu ver\u00e4ndern. &hellip; <\/p>\n","protected":false},"author":1,"featured_media":1228,"parent":0,"menu_order":0,"comment_status":"closed","ping_status":"closed","template":"","meta":{"_et_pb_use_builder":"","_et_pb_old_content":"","_et_gb_content_width":"","footnotes":""},"class_list":["post-606","page","type-page","status-publish","has-post-thumbnail","hentry","grid-sizer"],"yoast_head":"<!-- This site is optimized with the Yoast SEO plugin v27.3 - https:\/\/yoast.com\/product\/yoast-seo-wordpress\/ -->\n<title>Team &amp; Leadership Coaching | Jutta Rode<\/title>\n<meta name=\"description\" content=\"F\u00fcr CEOs und F\u00fchrungskr\u00e4fte, die mit ihren Teams zukunftsfit werden wollen. ICF-zertifiziertes Coaching mit Expertise in Design Thinking und Agilit\u00e4t. Damit Ihr in der Zukunft noch kundenorientierter, effektiver und effizienter zusammenarbeiten k\u00f6nnt.\" \/>\n<meta name=\"robots\" content=\"index, follow, max-snippet:-1, max-image-preview:large, max-video-preview:-1\" \/>\n<link rel=\"canonical\" href=\"https:\/\/juttarode.de\/index.php\/team-coaching\/\" \/>\n<meta property=\"og:locale\" content=\"de_DE\" \/>\n<meta property=\"og:type\" content=\"article\" \/>\n<meta property=\"og:title\" content=\"Team &amp; Leadership Coaching | Jutta Rode\" \/>\n<meta property=\"og:description\" content=\"F\u00fcr CEOs und F\u00fchrungskr\u00e4fte, die mit ihren Teams zukunftsfit werden wollen. ICF-zertifiziertes Coaching mit Expertise in Design Thinking und Agilit\u00e4t. Damit Ihr in der Zukunft noch kundenorientierter, effektiver und effizienter zusammenarbeiten k\u00f6nnt.\" \/>\n<meta property=\"og:url\" content=\"https:\/\/juttarode.de\/index.php\/team-coaching\/\" \/>\n<meta property=\"og:site_name\" content=\"Jutta Rode\" \/>\n<meta property=\"article:modified_time\" content=\"2025-09-13T18:46:21+00:00\" \/>\n<meta property=\"og:image\" content=\"https:\/\/juttarode.de\/wp-content\/uploads\/2022\/06\/pexels-kampus-production-8636606-scaled.jpg\" \/>\n\t<meta property=\"og:image:width\" content=\"2560\" \/>\n\t<meta property=\"og:image:height\" content=\"1709\" \/>\n\t<meta property=\"og:image:type\" content=\"image\/jpeg\" \/>\n<meta name=\"twitter:card\" content=\"summary_large_image\" \/>\n<meta name=\"twitter:label1\" content=\"Gesch\u00e4tzte Lesezeit\" \/>\n\t<meta name=\"twitter:data1\" content=\"2\u00a0Minuten\" \/>\n<script type=\"application\/ld+json\" class=\"yoast-schema-graph\">{\"@context\":\"https:\\\/\\\/schema.org\",\"@graph\":[{\"@type\":\"WebPage\",\"@id\":\"https:\\\/\\\/juttarode.de\\\/index.php\\\/team-coaching\\\/\",\"url\":\"https:\\\/\\\/juttarode.de\\\/index.php\\\/team-coaching\\\/\",\"name\":\"Team & Leadership Coaching | Jutta Rode\",\"isPartOf\":{\"@id\":\"https:\\\/\\\/juttarode.de\\\/#website\"},\"primaryImageOfPage\":{\"@id\":\"https:\\\/\\\/juttarode.de\\\/index.php\\\/team-coaching\\\/#primaryimage\"},\"image\":{\"@id\":\"https:\\\/\\\/juttarode.de\\\/index.php\\\/team-coaching\\\/#primaryimage\"},\"thumbnailUrl\":\"https:\\\/\\\/juttarode.de\\\/wp-content\\\/uploads\\\/2022\\\/06\\\/pexels-kampus-production-8636606-scaled.jpg\",\"datePublished\":\"2022-03-30T11:46:02+00:00\",\"dateModified\":\"2025-09-13T18:46:21+00:00\",\"description\":\"F\u00fcr CEOs und F\u00fchrungskr\u00e4fte, die mit ihren Teams zukunftsfit werden wollen. ICF-zertifiziertes Coaching mit Expertise in Design Thinking und Agilit\u00e4t. Damit Ihr in der Zukunft noch kundenorientierter, effektiver und effizienter zusammenarbeiten k\u00f6nnt.\",\"breadcrumb\":{\"@id\":\"https:\\\/\\\/juttarode.de\\\/index.php\\\/team-coaching\\\/#breadcrumb\"},\"inLanguage\":\"de\",\"potentialAction\":[{\"@type\":\"ReadAction\",\"target\":[\"https:\\\/\\\/juttarode.de\\\/index.php\\\/team-coaching\\\/\"]}]},{\"@type\":\"ImageObject\",\"inLanguage\":\"de\",\"@id\":\"https:\\\/\\\/juttarode.de\\\/index.php\\\/team-coaching\\\/#primaryimage\",\"url\":\"https:\\\/\\\/juttarode.de\\\/wp-content\\\/uploads\\\/2022\\\/06\\\/pexels-kampus-production-8636606-scaled.jpg\",\"contentUrl\":\"https:\\\/\\\/juttarode.de\\\/wp-content\\\/uploads\\\/2022\\\/06\\\/pexels-kampus-production-8636606-scaled.jpg\",\"width\":2560,\"height\":1709},{\"@type\":\"BreadcrumbList\",\"@id\":\"https:\\\/\\\/juttarode.de\\\/index.php\\\/team-coaching\\\/#breadcrumb\",\"itemListElement\":[{\"@type\":\"ListItem\",\"position\":1,\"name\":\"Startseite\",\"item\":\"https:\\\/\\\/juttarode.de\\\/\"},{\"@type\":\"ListItem\",\"position\":2,\"name\":\"Team &#038; Leadership Coaching\"}]},{\"@type\":\"WebSite\",\"@id\":\"https:\\\/\\\/juttarode.de\\\/#website\",\"url\":\"https:\\\/\\\/juttarode.de\\\/\",\"name\":\"Jutta Rode\",\"description\":\"Helping You Transform \",\"publisher\":{\"@id\":\"https:\\\/\\\/juttarode.de\\\/#organization\"},\"potentialAction\":[{\"@type\":\"SearchAction\",\"target\":{\"@type\":\"EntryPoint\",\"urlTemplate\":\"https:\\\/\\\/juttarode.de\\\/?s={search_term_string}\"},\"query-input\":{\"@type\":\"PropertyValueSpecification\",\"valueRequired\":true,\"valueName\":\"search_term_string\"}}],\"inLanguage\":\"de\"},{\"@type\":\"Organization\",\"@id\":\"https:\\\/\\\/juttarode.de\\\/#organization\",\"name\":\"Jutta Rode\",\"url\":\"https:\\\/\\\/juttarode.de\\\/\",\"logo\":{\"@type\":\"ImageObject\",\"inLanguage\":\"de\",\"@id\":\"https:\\\/\\\/juttarode.de\\\/#\\\/schema\\\/logo\\\/image\\\/\",\"url\":\"https:\\\/\\\/juttarode.de\\\/wp-content\\\/uploads\\\/2022\\\/05\\\/IMG-3150-e1653911891555.png\",\"contentUrl\":\"https:\\\/\\\/juttarode.de\\\/wp-content\\\/uploads\\\/2022\\\/05\\\/IMG-3150-e1653911891555.png\",\"width\":301,\"height\":194,\"caption\":\"Jutta Rode\"},\"image\":{\"@id\":\"https:\\\/\\\/juttarode.de\\\/#\\\/schema\\\/logo\\\/image\\\/\"}}]}<\/script>\n<!-- \/ Yoast SEO plugin. -->","yoast_head_json":{"title":"Team & Leadership Coaching | Jutta Rode","description":"F\u00fcr CEOs und F\u00fchrungskr\u00e4fte, die mit ihren Teams zukunftsfit werden wollen. ICF-zertifiziertes Coaching mit Expertise in Design Thinking und Agilit\u00e4t. Damit Ihr in der Zukunft noch kundenorientierter, effektiver und effizienter zusammenarbeiten k\u00f6nnt.","robots":{"index":"index","follow":"follow","max-snippet":"max-snippet:-1","max-image-preview":"max-image-preview:large","max-video-preview":"max-video-preview:-1"},"canonical":"https:\/\/juttarode.de\/index.php\/team-coaching\/","og_locale":"de_DE","og_type":"article","og_title":"Team & Leadership Coaching | Jutta Rode","og_description":"F\u00fcr CEOs und F\u00fchrungskr\u00e4fte, die mit ihren Teams zukunftsfit werden wollen. ICF-zertifiziertes Coaching mit Expertise in Design Thinking und Agilit\u00e4t. Damit Ihr in der Zukunft noch kundenorientierter, effektiver und effizienter zusammenarbeiten k\u00f6nnt.","og_url":"https:\/\/juttarode.de\/index.php\/team-coaching\/","og_site_name":"Jutta Rode","article_modified_time":"2025-09-13T18:46:21+00:00","og_image":[{"width":2560,"height":1709,"url":"https:\/\/juttarode.de\/wp-content\/uploads\/2022\/06\/pexels-kampus-production-8636606-scaled.jpg","type":"image\/jpeg"}],"twitter_card":"summary_large_image","twitter_misc":{"Gesch\u00e4tzte Lesezeit":"2\u00a0Minuten"},"schema":{"@context":"https:\/\/schema.org","@graph":[{"@type":"WebPage","@id":"https:\/\/juttarode.de\/index.php\/team-coaching\/","url":"https:\/\/juttarode.de\/index.php\/team-coaching\/","name":"Team & Leadership Coaching | Jutta Rode","isPartOf":{"@id":"https:\/\/juttarode.de\/#website"},"primaryImageOfPage":{"@id":"https:\/\/juttarode.de\/index.php\/team-coaching\/#primaryimage"},"image":{"@id":"https:\/\/juttarode.de\/index.php\/team-coaching\/#primaryimage"},"thumbnailUrl":"https:\/\/juttarode.de\/wp-content\/uploads\/2022\/06\/pexels-kampus-production-8636606-scaled.jpg","datePublished":"2022-03-30T11:46:02+00:00","dateModified":"2025-09-13T18:46:21+00:00","description":"F\u00fcr CEOs und F\u00fchrungskr\u00e4fte, die mit ihren Teams zukunftsfit werden wollen. ICF-zertifiziertes Coaching mit Expertise in Design Thinking und Agilit\u00e4t. Damit Ihr in der Zukunft noch kundenorientierter, effektiver und effizienter zusammenarbeiten k\u00f6nnt.","breadcrumb":{"@id":"https:\/\/juttarode.de\/index.php\/team-coaching\/#breadcrumb"},"inLanguage":"de","potentialAction":[{"@type":"ReadAction","target":["https:\/\/juttarode.de\/index.php\/team-coaching\/"]}]},{"@type":"ImageObject","inLanguage":"de","@id":"https:\/\/juttarode.de\/index.php\/team-coaching\/#primaryimage","url":"https:\/\/juttarode.de\/wp-content\/uploads\/2022\/06\/pexels-kampus-production-8636606-scaled.jpg","contentUrl":"https:\/\/juttarode.de\/wp-content\/uploads\/2022\/06\/pexels-kampus-production-8636606-scaled.jpg","width":2560,"height":1709},{"@type":"BreadcrumbList","@id":"https:\/\/juttarode.de\/index.php\/team-coaching\/#breadcrumb","itemListElement":[{"@type":"ListItem","position":1,"name":"Startseite","item":"https:\/\/juttarode.de\/"},{"@type":"ListItem","position":2,"name":"Team &#038; Leadership Coaching"}]},{"@type":"WebSite","@id":"https:\/\/juttarode.de\/#website","url":"https:\/\/juttarode.de\/","name":"Jutta Rode","description":"Helping You Transform ","publisher":{"@id":"https:\/\/juttarode.de\/#organization"},"potentialAction":[{"@type":"SearchAction","target":{"@type":"EntryPoint","urlTemplate":"https:\/\/juttarode.de\/?s={search_term_string}"},"query-input":{"@type":"PropertyValueSpecification","valueRequired":true,"valueName":"search_term_string"}}],"inLanguage":"de"},{"@type":"Organization","@id":"https:\/\/juttarode.de\/#organization","name":"Jutta Rode","url":"https:\/\/juttarode.de\/","logo":{"@type":"ImageObject","inLanguage":"de","@id":"https:\/\/juttarode.de\/#\/schema\/logo\/image\/","url":"https:\/\/juttarode.de\/wp-content\/uploads\/2022\/05\/IMG-3150-e1653911891555.png","contentUrl":"https:\/\/juttarode.de\/wp-content\/uploads\/2022\/05\/IMG-3150-e1653911891555.png","width":301,"height":194,"caption":"Jutta Rode"},"image":{"@id":"https:\/\/juttarode.de\/#\/schema\/logo\/image\/"}}]}},"_links":{"self":[{"href":"https:\/\/juttarode.de\/index.php\/wp-json\/wp\/v2\/pages\/606","targetHints":{"allow":["GET"]}}],"collection":[{"href":"https:\/\/juttarode.de\/index.php\/wp-json\/wp\/v2\/pages"}],"about":[{"href":"https:\/\/juttarode.de\/index.php\/wp-json\/wp\/v2\/types\/page"}],"author":[{"embeddable":true,"href":"https:\/\/juttarode.de\/index.php\/wp-json\/wp\/v2\/users\/1"}],"replies":[{"embeddable":true,"href":"https:\/\/juttarode.de\/index.php\/wp-json\/wp\/v2\/comments?post=606"}],"version-history":[{"count":85,"href":"https:\/\/juttarode.de\/index.php\/wp-json\/wp\/v2\/pages\/606\/revisions"}],"predecessor-version":[{"id":2240,"href":"https:\/\/juttarode.de\/index.php\/wp-json\/wp\/v2\/pages\/606\/revisions\/2240"}],"wp:featuredmedia":[{"embeddable":true,"href":"https:\/\/juttarode.de\/index.php\/wp-json\/wp\/v2\/media\/1228"}],"wp:attachment":[{"href":"https:\/\/juttarode.de\/index.php\/wp-json\/wp\/v2\/media?parent=606"}],"curies":[{"name":"wp","href":"https:\/\/api.w.org\/{rel}","templated":true}]}}