{"id":21,"date":"2021-10-23T12:32:55","date_gmt":"2021-10-23T12:32:55","guid":{"rendered":"https:\/\/juttarode.de\/?page_id=21"},"modified":"2025-11-04T21:06:44","modified_gmt":"2025-11-04T21:06:44","slug":"termine","status":"publish","type":"page","link":"https:\/\/juttarode.de\/index.php\/termine\/","title":{"rendered":"Termin buchen"},"content":{"rendered":"\n<figure class=\"wp-block-pullquote has-text-align-center\"><blockquote><p>Jede Zusammenarbeit startet mit einem WELCOME-Gespr\u00e4ch<\/p><\/blockquote><\/figure>\n\n\n\n<h2 class=\"wp-block-heading\">Positive Intelligence\u00ae &#8211; Mental Fitness Coaching<\/h2>\n\n\n\n<ul style=\"background-color:#effbf9\" class=\"wp-block-list has-background\">\n<li>Das WELCOME-Gespr\u00e4ch ist kostenlos und unverbindlich und dauert <strong>max. 30 Minuten<\/strong><\/li>\n\n\n\n<li>Wir lernen uns gegenseitig kennen und finden gemeinsam heraus, ob die <strong>Basis gegeben ist f\u00fcr eine partnerschaftliche Zusammenarbeit <\/strong>im Bereich des Mental Fitness Coaching <\/li>\n\n\n\n<li>Du erl\u00e4uterst mir <strong>Deine Motivation und Zielsetzung<\/strong>, die Du mit Hilfe meiner Mental Fitness Coaching-Begleitung erreichen m\u00f6chtest<\/li>\n\n\n\n<li>In einem <strong>Folgetermin<\/strong> f\u00fchre ich Dich durch eine <strong>Saboteur Discovery Session <\/strong>und wenn Du mit dem PQ\u00ae-Programm starten m\u00f6chtest, k\u00fcmmere ich mich f\u00fcr Dich um ein unkompliziertes Onboarding. <\/li>\n\n\n\n<li>Zwecks <strong>Terminvereinbarung<\/strong> bin ich f\u00fcr Dich erreichbar \u00fcber die <a href=\"https:\/\/juttarode.de\/index.php\/de\/kontakt\/\" target=\"_blank\" rel=\"noreferrer noopener\"><strong>Kontaktm\u00f6glichkeit<\/strong><\/a> im Men\u00fc. Alternativ kannst Du direkt hier im Anschluss einen Termin buchen \u00fcber <a href=\"https:\/\/calendly.com\/juttarode\/welcome-gesprach\" target=\"_blank\" rel=\"noreferrer noopener\"><strong>Calendly<\/strong><\/a>.<\/li>\n<\/ul>\n\n\n\n<h2 class=\"wp-block-heading\">Business &amp; Life Coaching <\/h2>\n\n\n\n<ul style=\"background-color:#f6f4f5\" class=\"wp-block-list has-background\">\n<li>Das WELCOME-Gespr\u00e4ch ist kostenlos und unverbindlich und dauert <strong>max. 30 Minuten<\/strong><\/li>\n\n\n\n<li>Wir lernen uns gegenseitig kennen und finden gemeinsam heraus, ob die <strong>Basis gegeben ist f\u00fcr eine partnerschaftliche Zusammenarbeit <\/strong>im Bereich des professionellen Coaching <\/li>\n\n\n\n<li>Du erl\u00e4uterst mir <strong>Deine Motivation und Zielsetzung<\/strong>, die Du mit Hilfe meiner Coaching-Begleitung erreichen m\u00f6chtest <\/li>\n\n\n\n<li>Wir erarbeiten gemeinsam <strong>erste Ideen<\/strong> f\u00fcr Deine <strong>individuelle Coaching-Reise<\/strong> und besprechen <strong>die<\/strong> <strong>n\u00e4chsten Schritte<\/strong><\/li>\n\n\n\n<li>Zwecks <strong>Terminvereinbarung<\/strong> bin ich f\u00fcr Dich erreichbar \u00fcber die <a href=\"https:\/\/juttarode.de\/index.php\/de\/kontakt\/\" target=\"_blank\" rel=\"noreferrer noopener\"><strong>Kontaktm\u00f6glichkeit<\/strong><\/a> im Men\u00fc. Alternativ kannst Du direkt hier im Anschluss einen Termin buchen \u00fcber <a href=\"https:\/\/calendly.com\/juttarode\/welcome-gesprach\" target=\"_blank\" rel=\"noreferrer noopener\"><strong>Calendly<\/strong><\/a>.<\/li>\n<\/ul>\n\n\n\n<h2 class=\"wp-block-heading\">Team &amp; Leadership Coaching <\/h2>\n\n\n\n<ul style=\"background-color:#effbf9\" class=\"wp-block-list has-background\">\n<li>Das WELCOME-Gespr\u00e4ch ist kostenlos und unverbindlich und dauert <strong>max. 45 Minuten<\/strong><\/li>\n\n\n\n<li>Es dient dem ersten <strong>pers\u00f6nlichen Kennenlernen<\/strong> zwischen den <strong>relevanten Entscheidern<\/strong> auf Unternehmensseite sowie mir als Eure <strong>potenzielle Coach <\/strong><\/li>\n\n\n\n<li>Gerne <strong>lerne ich Euer Unternehmen kennen<\/strong>, seine Geschichte, unternehmerische Vision und <strong>Zielsetzungen<\/strong>, insbesondere auch mit Blick darauf, was Ihr mit <strong>Coaching<\/strong> im Unternehmen konkret <strong>erreichen <\/strong>wollt. <\/li>\n\n\n\n<li>Wir finden gemeinsam heraus, ob die <strong>Basis gegeben ist f\u00fcr eine partnerschaftliche Zusammenarbeit.<\/strong> <\/li>\n\n\n\n<li>Wenn ja, vereinbaren wir gerne einen <strong>Folgetermin <\/strong>zur konkreten <strong>Auftragskl\u00e4rung<\/strong><\/li>\n\n\n\n<li>Danach unterbreite ich Euch ein auf Eure Bed\u00fcrfnisse ma\u00dfgeschneidertes<strong> Coaching Angebot<\/strong><\/li>\n\n\n\n<li>Zwecks <strong>Terminvereinbarung<\/strong> bin ich f\u00fcr Euch erreichbar \u00fcber die <a href=\"https:\/\/juttarode.de\/index.php\/de\/kontakt\/\" target=\"_blank\" rel=\"noreferrer noopener\"><strong>Kontaktm\u00f6glichkeit<\/strong><\/a> im Men\u00fc. Alternativ k\u00f6nnt Ihr direkt hier im Anschluss einen Termin buchen \u00fcber <a href=\"https:\/\/calendly.com\/juttarode\/welcome-gesprach\" target=\"_blank\" rel=\"noreferrer noopener\"><strong>Calendly<\/strong><\/a>.<\/li>\n<\/ul>\n\n\n\n<br><br>\n\n\n\n<div class=\"wp-block-buttons is-content-justification-center is-layout-flex wp-container-core-buttons-is-layout-16018d1d wp-block-buttons-is-layout-flex\">\n<div class=\"wp-block-button\"><a class=\"wp-block-button__link has-white-color has-text-color has-background wp-element-button\" href=\"https:\/\/calendly.com\/juttarode\/welcome-gesprach\" style=\"background-color:#db4774\" target=\"_blank\" rel=\"noreferrer noopener\">Jetzt Termin buchen<\/a><\/div>\n\n\n\n<div class=\"wp-block-button\"><a class=\"wp-block-button__link has-white-color has-text-color has-background wp-element-button\" href=\"https:\/\/juttarode.de\/index.php\/de\/kontakt\/\" style=\"background-color:#db4774\" target=\"_blank\" rel=\"noreferrer noopener\">Kontakt aufbauen<\/a><\/div>\n<\/div>\n","protected":false},"excerpt":{"rendered":"<p>Jede Zusammenarbeit startet mit einem WELCOME-Gespr\u00e4ch Positive Intelligence\u00ae &#8211; Mental Fitness Coaching Business &amp; Life Coaching Team &amp; Leadership Coaching<\/p>\n","protected":false},"author":1,"featured_media":1234,"parent":0,"menu_order":0,"comment_status":"closed","ping_status":"closed","template":"","meta":{"_et_pb_use_builder":"off","_et_pb_old_content":"<!-- wp:pullquote -->\n<figure class=\"wp-block-pullquote\"><blockquote><p>Sch\u00f6n, dass Du einen Termin mit mir buchen m\u00f6chtest.<\/p><\/blockquote><\/figure>\n<!-- \/wp:pullquote -->\n\n<!-- wp:paragraph -->\n<p>W\u00e4hle aus dem nachfolgenden Angebot den f\u00fcr Dich <strong>passenden Termin<\/strong> aus und f\u00fcge eine <strong>kurze Information<\/strong> bei, was Deine Motivation f\u00fcr die Terminbuchung ist. <\/p>\n<!-- \/wp:paragraph -->\n\n<!-- wp:paragraph -->\n<p>Mein Angebot steht Dir in <strong>deutscher und englischer Sprache<\/strong> zur Verf\u00fcgung und findet im virtuellen <strong>Zoom-Raum<\/strong> statt.  <\/p>\n<!-- \/wp:paragraph -->\n\n<!-- wp:heading {\"textColor\":\"headings\"} -->\n<h2 class=\"has-headings-color has-text-color\">Jede Coaching-Reise startet mit einem WELCOME-Gespr\u00e4ch<\/h2>\n<!-- \/wp:heading -->\n\n<!-- wp:list -->\n<ul><li>Das WELCOME-Gespr\u00e4ch ist kostenlos und unverbindlich und dauert ca. 30-45 Minuten<\/li><li>Wir lernen uns gegenseitig kennen und finden gemeinsam heraus, ob die <strong>Basis gegeben ist f\u00fcr eine partnerschaftliche Zusammenarbeit <\/strong>im Bereich des professionellen Coaching <\/li><li>Du erl\u00e4uterst mir <strong>Deine Motivation und Zielsetzung<\/strong>, die Du mit Hilfe meiner Coaching-Begleitung erreichen m\u00f6chtest <\/li><li>Wir erarbeiten gemeinsam <strong>erste Ideen<\/strong> f\u00fcr Deine <strong>individuelle Coaching-Reise<\/strong> und besprechen m\u00f6gliche <strong>n\u00e4chste Schritte<\/strong><\/li><\/ul>\n<!-- \/wp:list -->\n\n<!-- wp:paragraph -->\n<p><\/p>\n<!-- \/wp:paragraph -->\n\n<!-- wp:paragraph -->\n<p><\/p>\n<!-- \/wp:paragraph -->\n\n<!-- wp:html -->\n<!-- Calendly Inline-Widget Beginn -->\n<div class=\"calendly-inline-widget\" data-url=\"https:\/\/calendly.com\/juttarode\/coaching\" style=\"min-width:320px;height:630px;\"><\/div>\n<script type=\"text\/javascript\" src=\"https:\/\/assets.calendly.com\/assets\/external\/widget.js\" async=\"\"><\/script>\n<!-- Calendly Inline-Widget Ende -->\n<!-- \/wp:html -->\n\n<!-- wp:paragraph -->\n<p><\/p>\n<!-- \/wp:paragraph -->","_et_gb_content_width":"","footnotes":""},"class_list":["post-21","page","type-page","status-publish","has-post-thumbnail","hentry","grid-sizer"],"yoast_head":"<!-- This site is optimized with the Yoast SEO plugin v25.9 - https:\/\/yoast.com\/wordpress\/plugins\/seo\/ -->\n<title>Termin buchen | Jutta Rode<\/title>\n<meta name=\"robots\" content=\"index, follow, max-snippet:-1, max-image-preview:large, max-video-preview:-1\" \/>\n<link rel=\"canonical\" href=\"https:\/\/juttarode.de\/index.php\/termine\/\" \/>\n<meta property=\"og:locale\" content=\"de_DE\" \/>\n<meta property=\"og:type\" content=\"article\" \/>\n<meta property=\"og:title\" content=\"Termin buchen | Jutta Rode\" \/>\n<meta property=\"og:description\" content=\"Jede Zusammenarbeit startet mit einem WELCOME-Gespr\u00e4ch Positive Intelligence\u00ae &#8211; Mental Fitness Coaching Business &amp; Life Coaching Team &amp; Leadership Coaching\" \/>\n<meta property=\"og:url\" content=\"https:\/\/juttarode.de\/index.php\/termine\/\" \/>\n<meta property=\"og:site_name\" content=\"Jutta Rode\" \/>\n<meta property=\"article:modified_time\" content=\"2025-11-04T21:06:44+00:00\" \/>\n<meta property=\"og:image\" content=\"https:\/\/juttarode.de\/wp-content\/uploads\/2022\/06\/pexels-jess-bailey-designs-1558691-scaled.jpg\" \/>\n\t<meta property=\"og:image:width\" content=\"2560\" \/>\n\t<meta property=\"og:image:height\" content=\"1920\" \/>\n\t<meta property=\"og:image:type\" content=\"image\/jpeg\" \/>\n<meta name=\"twitter:card\" content=\"summary_large_image\" \/>\n<meta name=\"twitter:label1\" content=\"Gesch\u00e4tzte Lesezeit\" \/>\n\t<meta name=\"twitter:data1\" content=\"2\u00a0Minuten\" \/>\n<script type=\"application\/ld+json\" class=\"yoast-schema-graph\">{\"@context\":\"https:\/\/schema.org\",\"@graph\":[{\"@type\":\"WebPage\",\"@id\":\"https:\/\/juttarode.de\/index.php\/termine\/\",\"url\":\"https:\/\/juttarode.de\/index.php\/termine\/\",\"name\":\"Termin buchen | Jutta Rode\",\"isPartOf\":{\"@id\":\"https:\/\/juttarode.de\/#website\"},\"primaryImageOfPage\":{\"@id\":\"https:\/\/juttarode.de\/index.php\/termine\/#primaryimage\"},\"image\":{\"@id\":\"https:\/\/juttarode.de\/index.php\/termine\/#primaryimage\"},\"thumbnailUrl\":\"https:\/\/juttarode.de\/wp-content\/uploads\/2022\/06\/pexels-jess-bailey-designs-1558691-scaled.jpg\",\"datePublished\":\"2021-10-23T12:32:55+00:00\",\"dateModified\":\"2025-11-04T21:06:44+00:00\",\"breadcrumb\":{\"@id\":\"https:\/\/juttarode.de\/index.php\/termine\/#breadcrumb\"},\"inLanguage\":\"de\",\"potentialAction\":[{\"@type\":\"ReadAction\",\"target\":[\"https:\/\/juttarode.de\/index.php\/termine\/\"]}]},{\"@type\":\"ImageObject\",\"inLanguage\":\"de\",\"@id\":\"https:\/\/juttarode.de\/index.php\/termine\/#primaryimage\",\"url\":\"https:\/\/juttarode.de\/wp-content\/uploads\/2022\/06\/pexels-jess-bailey-designs-1558691-scaled.jpg\",\"contentUrl\":\"https:\/\/juttarode.de\/wp-content\/uploads\/2022\/06\/pexels-jess-bailey-designs-1558691-scaled.jpg\",\"width\":2560,\"height\":1920},{\"@type\":\"BreadcrumbList\",\"@id\":\"https:\/\/juttarode.de\/index.php\/termine\/#breadcrumb\",\"itemListElement\":[{\"@type\":\"ListItem\",\"position\":1,\"name\":\"Startseite\",\"item\":\"https:\/\/juttarode.de\/\"},{\"@type\":\"ListItem\",\"position\":2,\"name\":\"Termin buchen\"}]},{\"@type\":\"WebSite\",\"@id\":\"https:\/\/juttarode.de\/#website\",\"url\":\"https:\/\/juttarode.de\/\",\"name\":\"Jutta Rode\",\"description\":\"Helping You Transform \",\"publisher\":{\"@id\":\"https:\/\/juttarode.de\/#organization\"},\"potentialAction\":[{\"@type\":\"SearchAction\",\"target\":{\"@type\":\"EntryPoint\",\"urlTemplate\":\"https:\/\/juttarode.de\/?s={search_term_string}\"},\"query-input\":{\"@type\":\"PropertyValueSpecification\",\"valueRequired\":true,\"valueName\":\"search_term_string\"}}],\"inLanguage\":\"de\"},{\"@type\":\"Organization\",\"@id\":\"https:\/\/juttarode.de\/#organization\",\"name\":\"Jutta Rode\",\"url\":\"https:\/\/juttarode.de\/\",\"logo\":{\"@type\":\"ImageObject\",\"inLanguage\":\"de\",\"@id\":\"https:\/\/juttarode.de\/#\/schema\/logo\/image\/\",\"url\":\"https:\/\/juttarode.de\/wp-content\/uploads\/2022\/05\/IMG-3150-e1653911891555.png\",\"contentUrl\":\"https:\/\/juttarode.de\/wp-content\/uploads\/2022\/05\/IMG-3150-e1653911891555.png\",\"width\":301,\"height\":194,\"caption\":\"Jutta Rode\"},\"image\":{\"@id\":\"https:\/\/juttarode.de\/#\/schema\/logo\/image\/\"}}]}<\/script>\n<!-- \/ Yoast SEO plugin. -->","yoast_head_json":{"title":"Termin buchen | Jutta Rode","robots":{"index":"index","follow":"follow","max-snippet":"max-snippet:-1","max-image-preview":"max-image-preview:large","max-video-preview":"max-video-preview:-1"},"canonical":"https:\/\/juttarode.de\/index.php\/termine\/","og_locale":"de_DE","og_type":"article","og_title":"Termin buchen | Jutta Rode","og_description":"Jede Zusammenarbeit startet mit einem WELCOME-Gespr\u00e4ch Positive Intelligence\u00ae &#8211; Mental Fitness Coaching Business &amp; Life Coaching Team &amp; Leadership Coaching","og_url":"https:\/\/juttarode.de\/index.php\/termine\/","og_site_name":"Jutta Rode","article_modified_time":"2025-11-04T21:06:44+00:00","og_image":[{"width":2560,"height":1920,"url":"https:\/\/juttarode.de\/wp-content\/uploads\/2022\/06\/pexels-jess-bailey-designs-1558691-scaled.jpg","type":"image\/jpeg"}],"twitter_card":"summary_large_image","twitter_misc":{"Gesch\u00e4tzte Lesezeit":"2\u00a0Minuten"},"schema":{"@context":"https:\/\/schema.org","@graph":[{"@type":"WebPage","@id":"https:\/\/juttarode.de\/index.php\/termine\/","url":"https:\/\/juttarode.de\/index.php\/termine\/","name":"Termin buchen | Jutta Rode","isPartOf":{"@id":"https:\/\/juttarode.de\/#website"},"primaryImageOfPage":{"@id":"https:\/\/juttarode.de\/index.php\/termine\/#primaryimage"},"image":{"@id":"https:\/\/juttarode.de\/index.php\/termine\/#primaryimage"},"thumbnailUrl":"https:\/\/juttarode.de\/wp-content\/uploads\/2022\/06\/pexels-jess-bailey-designs-1558691-scaled.jpg","datePublished":"2021-10-23T12:32:55+00:00","dateModified":"2025-11-04T21:06:44+00:00","breadcrumb":{"@id":"https:\/\/juttarode.de\/index.php\/termine\/#breadcrumb"},"inLanguage":"de","potentialAction":[{"@type":"ReadAction","target":["https:\/\/juttarode.de\/index.php\/termine\/"]}]},{"@type":"ImageObject","inLanguage":"de","@id":"https:\/\/juttarode.de\/index.php\/termine\/#primaryimage","url":"https:\/\/juttarode.de\/wp-content\/uploads\/2022\/06\/pexels-jess-bailey-designs-1558691-scaled.jpg","contentUrl":"https:\/\/juttarode.de\/wp-content\/uploads\/2022\/06\/pexels-jess-bailey-designs-1558691-scaled.jpg","width":2560,"height":1920},{"@type":"BreadcrumbList","@id":"https:\/\/juttarode.de\/index.php\/termine\/#breadcrumb","itemListElement":[{"@type":"ListItem","position":1,"name":"Startseite","item":"https:\/\/juttarode.de\/"},{"@type":"ListItem","position":2,"name":"Termin buchen"}]},{"@type":"WebSite","@id":"https:\/\/juttarode.de\/#website","url":"https:\/\/juttarode.de\/","name":"Jutta Rode","description":"Helping You Transform ","publisher":{"@id":"https:\/\/juttarode.de\/#organization"},"potentialAction":[{"@type":"SearchAction","target":{"@type":"EntryPoint","urlTemplate":"https:\/\/juttarode.de\/?s={search_term_string}"},"query-input":{"@type":"PropertyValueSpecification","valueRequired":true,"valueName":"search_term_string"}}],"inLanguage":"de"},{"@type":"Organization","@id":"https:\/\/juttarode.de\/#organization","name":"Jutta Rode","url":"https:\/\/juttarode.de\/","logo":{"@type":"ImageObject","inLanguage":"de","@id":"https:\/\/juttarode.de\/#\/schema\/logo\/image\/","url":"https:\/\/juttarode.de\/wp-content\/uploads\/2022\/05\/IMG-3150-e1653911891555.png","contentUrl":"https:\/\/juttarode.de\/wp-content\/uploads\/2022\/05\/IMG-3150-e1653911891555.png","width":301,"height":194,"caption":"Jutta Rode"},"image":{"@id":"https:\/\/juttarode.de\/#\/schema\/logo\/image\/"}}]}},"_links":{"self":[{"href":"https:\/\/juttarode.de\/index.php\/wp-json\/wp\/v2\/pages\/21","targetHints":{"allow":["GET"]}}],"collection":[{"href":"https:\/\/juttarode.de\/index.php\/wp-json\/wp\/v2\/pages"}],"about":[{"href":"https:\/\/juttarode.de\/index.php\/wp-json\/wp\/v2\/types\/page"}],"author":[{"embeddable":true,"href":"https:\/\/juttarode.de\/index.php\/wp-json\/wp\/v2\/users\/1"}],"replies":[{"embeddable":true,"href":"https:\/\/juttarode.de\/index.php\/wp-json\/wp\/v2\/comments?post=21"}],"version-history":[{"count":48,"href":"https:\/\/juttarode.de\/index.php\/wp-json\/wp\/v2\/pages\/21\/revisions"}],"predecessor-version":[{"id":2284,"href":"https:\/\/juttarode.de\/index.php\/wp-json\/wp\/v2\/pages\/21\/revisions\/2284"}],"wp:featuredmedia":[{"embeddable":true,"href":"https:\/\/juttarode.de\/index.php\/wp-json\/wp\/v2\/media\/1234"}],"wp:attachment":[{"href":"https:\/\/juttarode.de\/index.php\/wp-json\/wp\/v2\/media?parent=21"}],"curies":[{"name":"wp","href":"https:\/\/api.w.org\/{rel}","templated":true}]}}