{"id":1027,"date":"2022-06-04T22:11:41","date_gmt":"2022-06-04T22:11:41","guid":{"rendered":"https:\/\/juttarode.de\/?page_id=1027"},"modified":"2026-01-08T12:25:39","modified_gmt":"2026-01-08T12:25:39","slug":"meine-geschichte","status":"publish","type":"page","link":"https:\/\/juttarode.de\/index.php\/meine-geschichte\/","title":{"rendered":"Meine Geschichte"},"content":{"rendered":"\n<figure class=\"wp-block-pullquote has-white-background-color has-background\"><blockquote><p>Sie erinnerte sich, wer sie war &#8230; <br>und das Spiel ihres Lebens \u00e4nderte sich<\/p><cite>Lala Delia<\/cite><\/blockquote><\/figure>\n\n\n\n<p><\/p>\n\n\n\n<p>Das Zitat beschreibt treffend, wie ich zur <strong>Unternehmerin meiner pers\u00f6nlichen und beruflichen Transformation<\/strong> wurde.<\/p>\n\n\n\n<p>Als ich vor vielen Jahren quasi durch Zufall Design Thinking \u2013 die an der Stanford University, USA entwickelte Innovationsmethodik \u2013&nbsp;kennenlernte und beruflich im Rahmen der Entwicklung einer digitalen Kunden- und Vertriebs-Plattform intensive Erfahrung mit der Anwendung sammeln konnte, sollte das \u2013 im R\u00fcckblick betrachtet&nbsp;\u2013 DER Wendepunkt in meiner beruflichen und pers\u00f6nlichen Entwicklung sein.&nbsp;<\/p>\n\n\n\n<p>Es er\u00f6ffnete sich f\u00fcr mich die fantastische Welt des innovativen und agilen Arbeitens und&nbsp;&nbsp;eine Denk- und Arbeitshaltung, die&nbsp;&nbsp;&#8211; getragen von klaren Werten und Prinzipien \u2013 sehr mit meiner Pers\u00f6nlichkeitsstruktur und Natur resoniert und f\u00fcr mich einfach authentisch und stimmig ist.&nbsp;<\/p>\n\n\n\n<p>Nach Jahrzehnten in verschiedenen Experten-, Projekt-, Strategie- und F\u00fchrungsrollen im klassischen Bankgesch\u00e4ft fand ich unerwartet den N\u00e4hrboden, meinen seit j\u00fcngster Kindheit ausgepr\u00e4gten Pioniergeist, meine Experimentierfreude, die Leidenschaft f\u00fcr lebenslanges Lernen und mein hohes Energielevel mutig einzubringen. Meinem beruflichen Schaffen gab es den gew\u00fcnschten zukunftsgerichteten Drive, um wertschaffende Ver\u00e4nderung und Entwicklung zu gestalten &#8211; f\u00fcr Menschen, Teams und F\u00fchrungskr\u00e4fte im interkulturellen Technologie-Umfeld eines global agierenden Konzerns. <br>Und pers\u00f6nlich setzt es in mir positive Energien frei, die ich als berufst\u00e4tige Frau und Mutter von zwei S\u00f6hnen f\u00fcr meinen Balance-Akt zwischen Beruf, Familie und meinen eigenen Bed\u00fcrfnissen bestm\u00f6glich zu nutzen versuche.<br><br>Es motiviert mich, unbekannte, komplexe Dinge zu ergr\u00fcnden, mit der Bereitschaft, Risiken einzugehen, mich nicht vor Herausforderungen wegzuducken, sondern sie aktiv zu erforschen und vorw\u00e4rts zu experimentieren. <br>Und Menschen in Bewegung zu bringen, ihnen den Zugang zur Selbstreflexion, zu einem bereichernden Bewusstsein und zu mentaler St\u00e4rke zu erm\u00f6glichen, damit sie mit klarem Fokus und der n\u00f6tigen Portion Resilienz zuversichtlich in die Zukunft gehen k\u00f6nnen &#8211; das treibt mich an.<\/p>\n\n\n\n<p>So begann sich, das Eine zum Anderen zu f\u00fcgen. Nach einer Phase der beruflichen Neuausrichtung und der \u00dcbernahme der Verantwortung als Innovation und Agile Coach im Kontext der agilen Transformation machte ich meine Leidenschaft zum Beruf und entdeckte darin <strong>meine Berufung<\/strong> f\u00fcr das l\u00f6sungs- und wachstumsorientierte Professionelle Coaching, in das ich auch mein KnowHow aus den Bereichen positive Psychologie, Design Thinking, Agilit\u00e4t sowie dem wissenschaftlich fundierten Positive Intelligence\u00ae Konzept f\u00fcr mentale St\u00e4rke und Fitness einbringe. <\/p>\n\n\n\n<div style=\"height:53px\" aria-hidden=\"true\" class=\"wp-block-spacer\"><\/div>\n\n\n\n<h2 class=\"wp-block-heading\">Das macht mich stark<\/h2>\n\n\n\n<div class=\"wp-block-cover aligncenter is-light\"><span aria-hidden=\"true\" class=\"wp-block-cover__background has-background-dim\" style=\"background-color:#effbf9\"><\/span><div class=\"wp-block-cover__inner-container is-layout-flow wp-block-cover-is-layout-flow\">\n<div class=\"wp-block-group alignwide\"><div class=\"wp-block-group__inner-container is-layout-flow wp-block-group-is-layout-flow\">\n<div class=\"wp-block-columns alignwide is-layout-flex wp-container-core-columns-is-layout-9d6595d7 wp-block-columns-is-layout-flex\">\n<div class=\"wp-block-column is-vertically-aligned-center is-layout-flow wp-block-column-is-layout-flow\" style=\"flex-basis:54%\">\n<p class=\"has-text-align-left has-medium-font-size\">Das sichere Gef\u00fchl, mich auf mich verlassen zu k\u00f6nnen, wenn es schwierig wird. <\/p>\n\n\n\n<p class=\"has-text-align-left has-medium-font-size\">Anspruchsvollen und schwierigen Phasen im Leben mit schon mehrfach herausgeforderter Widerstandskraft erfolgreich begegnen zu k\u00f6nnen und dadurch positives Wachstum erfahren zu d\u00fcrfen.<\/p>\n<\/div>\n\n\n\n<div class=\"wp-block-column is-layout-flow wp-block-column-is-layout-flow\" style=\"flex-basis:46%\"><div class=\"wp-block-image\">\n<figure class=\"aligncenter size-large\"><img loading=\"lazy\" decoding=\"async\" width=\"1024\" height=\"684\" src=\"https:\/\/juttarode.de\/wp-content\/uploads\/2022\/07\/pexels-maryjo-post-10755921-1024x684.jpg\" alt=\"\" class=\"wp-image-1596\" srcset=\"https:\/\/juttarode.de\/wp-content\/uploads\/2022\/07\/pexels-maryjo-post-10755921-1024x684.jpg 1024w, https:\/\/juttarode.de\/wp-content\/uploads\/2022\/07\/pexels-maryjo-post-10755921-300x200.jpg 300w, https:\/\/juttarode.de\/wp-content\/uploads\/2022\/07\/pexels-maryjo-post-10755921-768x513.jpg 768w, https:\/\/juttarode.de\/wp-content\/uploads\/2022\/07\/pexels-maryjo-post-10755921-1536x1025.jpg 1536w, https:\/\/juttarode.de\/wp-content\/uploads\/2022\/07\/pexels-maryjo-post-10755921-2048x1367.jpg 2048w, https:\/\/juttarode.de\/wp-content\/uploads\/2022\/07\/pexels-maryjo-post-10755921-1080x721.jpg 1080w, https:\/\/juttarode.de\/wp-content\/uploads\/2022\/07\/pexels-maryjo-post-10755921-90x60.jpg 90w\" sizes=\"(max-width: 1024px) 100vw, 1024px\" \/><\/figure>\n<\/div><\/div>\n<\/div>\n<\/div><\/div>\n<\/div><\/div>\n\n\n\n<h3 class=\"wp-block-heading\"><\/h3>\n\n\n\n<p><\/p>\n","protected":false},"excerpt":{"rendered":"<p>Sie erinnerte sich, wer sie war &#8230; und das Spiel ihres Lebens \u00e4nderte sich Lala Delia Das Zitat beschreibt treffend, wie ich zur Unternehmerin meiner pers\u00f6nlichen und beruflichen Transformation wurde. Als ich vor vielen Jahren quasi durch Zufall Design Thinking \u2013 die an der Stanford University, USA entwickelte Innovationsmethodik \u2013&nbsp;kennenlernte und beruflich im Rahmen der &hellip; <\/p>\n","protected":false},"author":2,"featured_media":2005,"parent":0,"menu_order":0,"comment_status":"closed","ping_status":"closed","template":"","meta":{"_et_pb_use_builder":"off","_et_pb_old_content":"","_et_gb_content_width":"","footnotes":""},"class_list":["post-1027","page","type-page","status-publish","has-post-thumbnail","hentry","grid-sizer"],"yoast_head":"<!-- This site is optimized with the Yoast SEO plugin v25.9 - https:\/\/yoast.com\/wordpress\/plugins\/seo\/ -->\n<title>Meine Geschichte | Jutta Rode<\/title>\n<meta name=\"robots\" content=\"index, follow, max-snippet:-1, max-image-preview:large, max-video-preview:-1\" \/>\n<link rel=\"canonical\" href=\"https:\/\/juttarode.de\/index.php\/meine-geschichte\/\" \/>\n<meta property=\"og:locale\" content=\"de_DE\" \/>\n<meta property=\"og:type\" content=\"article\" \/>\n<meta property=\"og:title\" content=\"Meine Geschichte | Jutta Rode\" \/>\n<meta property=\"og:description\" content=\"Sie erinnerte sich, wer sie war &#8230; und das Spiel ihres Lebens \u00e4nderte sich Lala Delia Das Zitat beschreibt treffend, wie ich zur Unternehmerin meiner pers\u00f6nlichen und beruflichen Transformation wurde. Als ich vor vielen Jahren quasi durch Zufall Design Thinking \u2013 die an der Stanford University, USA entwickelte Innovationsmethodik \u2013&nbsp;kennenlernte und beruflich im Rahmen der &hellip;\" \/>\n<meta property=\"og:url\" content=\"https:\/\/juttarode.de\/index.php\/meine-geschichte\/\" \/>\n<meta property=\"og:site_name\" content=\"Jutta Rode\" \/>\n<meta property=\"article:modified_time\" content=\"2026-01-08T12:25:39+00:00\" \/>\n<meta property=\"og:image\" content=\"https:\/\/juttarode.de\/wp-content\/uploads\/2022\/12\/9H7A8628-Kopie-1-scaled-e1670005387241.jpg\" \/>\n\t<meta property=\"og:image:width\" content=\"2560\" \/>\n\t<meta property=\"og:image:height\" content=\"1011\" \/>\n\t<meta property=\"og:image:type\" content=\"image\/jpeg\" \/>\n<meta name=\"twitter:card\" content=\"summary_large_image\" \/>\n<meta name=\"twitter:label1\" content=\"Gesch\u00e4tzte Lesezeit\" \/>\n\t<meta name=\"twitter:data1\" content=\"3\u00a0Minuten\" \/>\n<script type=\"application\/ld+json\" class=\"yoast-schema-graph\">{\"@context\":\"https:\/\/schema.org\",\"@graph\":[{\"@type\":\"WebPage\",\"@id\":\"https:\/\/juttarode.de\/index.php\/meine-geschichte\/\",\"url\":\"https:\/\/juttarode.de\/index.php\/meine-geschichte\/\",\"name\":\"Meine Geschichte | Jutta Rode\",\"isPartOf\":{\"@id\":\"https:\/\/juttarode.de\/#website\"},\"primaryImageOfPage\":{\"@id\":\"https:\/\/juttarode.de\/index.php\/meine-geschichte\/#primaryimage\"},\"image\":{\"@id\":\"https:\/\/juttarode.de\/index.php\/meine-geschichte\/#primaryimage\"},\"thumbnailUrl\":\"https:\/\/juttarode.de\/wp-content\/uploads\/2022\/12\/9H7A8628-Kopie-1-scaled-e1670005387241.jpg\",\"datePublished\":\"2022-06-04T22:11:41+00:00\",\"dateModified\":\"2026-01-08T12:25:39+00:00\",\"breadcrumb\":{\"@id\":\"https:\/\/juttarode.de\/index.php\/meine-geschichte\/#breadcrumb\"},\"inLanguage\":\"de\",\"potentialAction\":[{\"@type\":\"ReadAction\",\"target\":[\"https:\/\/juttarode.de\/index.php\/meine-geschichte\/\"]}]},{\"@type\":\"ImageObject\",\"inLanguage\":\"de\",\"@id\":\"https:\/\/juttarode.de\/index.php\/meine-geschichte\/#primaryimage\",\"url\":\"https:\/\/juttarode.de\/wp-content\/uploads\/2022\/12\/9H7A8628-Kopie-1-scaled-e1670005387241.jpg\",\"contentUrl\":\"https:\/\/juttarode.de\/wp-content\/uploads\/2022\/12\/9H7A8628-Kopie-1-scaled-e1670005387241.jpg\",\"width\":2560,\"height\":1011},{\"@type\":\"BreadcrumbList\",\"@id\":\"https:\/\/juttarode.de\/index.php\/meine-geschichte\/#breadcrumb\",\"itemListElement\":[{\"@type\":\"ListItem\",\"position\":1,\"name\":\"Startseite\",\"item\":\"https:\/\/juttarode.de\/\"},{\"@type\":\"ListItem\",\"position\":2,\"name\":\"Meine Geschichte\"}]},{\"@type\":\"WebSite\",\"@id\":\"https:\/\/juttarode.de\/#website\",\"url\":\"https:\/\/juttarode.de\/\",\"name\":\"Jutta Rode\",\"description\":\"Helping You Transform \",\"publisher\":{\"@id\":\"https:\/\/juttarode.de\/#organization\"},\"potentialAction\":[{\"@type\":\"SearchAction\",\"target\":{\"@type\":\"EntryPoint\",\"urlTemplate\":\"https:\/\/juttarode.de\/?s={search_term_string}\"},\"query-input\":{\"@type\":\"PropertyValueSpecification\",\"valueRequired\":true,\"valueName\":\"search_term_string\"}}],\"inLanguage\":\"de\"},{\"@type\":\"Organization\",\"@id\":\"https:\/\/juttarode.de\/#organization\",\"name\":\"Jutta Rode\",\"url\":\"https:\/\/juttarode.de\/\",\"logo\":{\"@type\":\"ImageObject\",\"inLanguage\":\"de\",\"@id\":\"https:\/\/juttarode.de\/#\/schema\/logo\/image\/\",\"url\":\"https:\/\/juttarode.de\/wp-content\/uploads\/2022\/05\/IMG-3150-e1653911891555.png\",\"contentUrl\":\"https:\/\/juttarode.de\/wp-content\/uploads\/2022\/05\/IMG-3150-e1653911891555.png\",\"width\":301,\"height\":194,\"caption\":\"Jutta Rode\"},\"image\":{\"@id\":\"https:\/\/juttarode.de\/#\/schema\/logo\/image\/\"}}]}<\/script>\n<!-- \/ Yoast SEO plugin. -->","yoast_head_json":{"title":"Meine Geschichte | Jutta Rode","robots":{"index":"index","follow":"follow","max-snippet":"max-snippet:-1","max-image-preview":"max-image-preview:large","max-video-preview":"max-video-preview:-1"},"canonical":"https:\/\/juttarode.de\/index.php\/meine-geschichte\/","og_locale":"de_DE","og_type":"article","og_title":"Meine Geschichte | Jutta Rode","og_description":"Sie erinnerte sich, wer sie war &#8230; und das Spiel ihres Lebens \u00e4nderte sich Lala Delia Das Zitat beschreibt treffend, wie ich zur Unternehmerin meiner pers\u00f6nlichen und beruflichen Transformation wurde. Als ich vor vielen Jahren quasi durch Zufall Design Thinking \u2013 die an der Stanford University, USA entwickelte Innovationsmethodik \u2013&nbsp;kennenlernte und beruflich im Rahmen der &hellip;","og_url":"https:\/\/juttarode.de\/index.php\/meine-geschichte\/","og_site_name":"Jutta Rode","article_modified_time":"2026-01-08T12:25:39+00:00","og_image":[{"width":2560,"height":1011,"url":"https:\/\/juttarode.de\/wp-content\/uploads\/2022\/12\/9H7A8628-Kopie-1-scaled-e1670005387241.jpg","type":"image\/jpeg"}],"twitter_card":"summary_large_image","twitter_misc":{"Gesch\u00e4tzte Lesezeit":"3\u00a0Minuten"},"schema":{"@context":"https:\/\/schema.org","@graph":[{"@type":"WebPage","@id":"https:\/\/juttarode.de\/index.php\/meine-geschichte\/","url":"https:\/\/juttarode.de\/index.php\/meine-geschichte\/","name":"Meine Geschichte | Jutta Rode","isPartOf":{"@id":"https:\/\/juttarode.de\/#website"},"primaryImageOfPage":{"@id":"https:\/\/juttarode.de\/index.php\/meine-geschichte\/#primaryimage"},"image":{"@id":"https:\/\/juttarode.de\/index.php\/meine-geschichte\/#primaryimage"},"thumbnailUrl":"https:\/\/juttarode.de\/wp-content\/uploads\/2022\/12\/9H7A8628-Kopie-1-scaled-e1670005387241.jpg","datePublished":"2022-06-04T22:11:41+00:00","dateModified":"2026-01-08T12:25:39+00:00","breadcrumb":{"@id":"https:\/\/juttarode.de\/index.php\/meine-geschichte\/#breadcrumb"},"inLanguage":"de","potentialAction":[{"@type":"ReadAction","target":["https:\/\/juttarode.de\/index.php\/meine-geschichte\/"]}]},{"@type":"ImageObject","inLanguage":"de","@id":"https:\/\/juttarode.de\/index.php\/meine-geschichte\/#primaryimage","url":"https:\/\/juttarode.de\/wp-content\/uploads\/2022\/12\/9H7A8628-Kopie-1-scaled-e1670005387241.jpg","contentUrl":"https:\/\/juttarode.de\/wp-content\/uploads\/2022\/12\/9H7A8628-Kopie-1-scaled-e1670005387241.jpg","width":2560,"height":1011},{"@type":"BreadcrumbList","@id":"https:\/\/juttarode.de\/index.php\/meine-geschichte\/#breadcrumb","itemListElement":[{"@type":"ListItem","position":1,"name":"Startseite","item":"https:\/\/juttarode.de\/"},{"@type":"ListItem","position":2,"name":"Meine Geschichte"}]},{"@type":"WebSite","@id":"https:\/\/juttarode.de\/#website","url":"https:\/\/juttarode.de\/","name":"Jutta Rode","description":"Helping You Transform ","publisher":{"@id":"https:\/\/juttarode.de\/#organization"},"potentialAction":[{"@type":"SearchAction","target":{"@type":"EntryPoint","urlTemplate":"https:\/\/juttarode.de\/?s={search_term_string}"},"query-input":{"@type":"PropertyValueSpecification","valueRequired":true,"valueName":"search_term_string"}}],"inLanguage":"de"},{"@type":"Organization","@id":"https:\/\/juttarode.de\/#organization","name":"Jutta Rode","url":"https:\/\/juttarode.de\/","logo":{"@type":"ImageObject","inLanguage":"de","@id":"https:\/\/juttarode.de\/#\/schema\/logo\/image\/","url":"https:\/\/juttarode.de\/wp-content\/uploads\/2022\/05\/IMG-3150-e1653911891555.png","contentUrl":"https:\/\/juttarode.de\/wp-content\/uploads\/2022\/05\/IMG-3150-e1653911891555.png","width":301,"height":194,"caption":"Jutta Rode"},"image":{"@id":"https:\/\/juttarode.de\/#\/schema\/logo\/image\/"}}]}},"_links":{"self":[{"href":"https:\/\/juttarode.de\/index.php\/wp-json\/wp\/v2\/pages\/1027","targetHints":{"allow":["GET"]}}],"collection":[{"href":"https:\/\/juttarode.de\/index.php\/wp-json\/wp\/v2\/pages"}],"about":[{"href":"https:\/\/juttarode.de\/index.php\/wp-json\/wp\/v2\/types\/page"}],"author":[{"embeddable":true,"href":"https:\/\/juttarode.de\/index.php\/wp-json\/wp\/v2\/users\/2"}],"replies":[{"embeddable":true,"href":"https:\/\/juttarode.de\/index.php\/wp-json\/wp\/v2\/comments?post=1027"}],"version-history":[{"count":48,"href":"https:\/\/juttarode.de\/index.php\/wp-json\/wp\/v2\/pages\/1027\/revisions"}],"predecessor-version":[{"id":2392,"href":"https:\/\/juttarode.de\/index.php\/wp-json\/wp\/v2\/pages\/1027\/revisions\/2392"}],"wp:featuredmedia":[{"embeddable":true,"href":"https:\/\/juttarode.de\/index.php\/wp-json\/wp\/v2\/media\/2005"}],"wp:attachment":[{"href":"https:\/\/juttarode.de\/index.php\/wp-json\/wp\/v2\/media?parent=1027"}],"curies":[{"name":"wp","href":"https:\/\/api.w.org\/{rel}","templated":true}]}}